{"id":15,"date":"2024-09-24T15:41:52","date_gmt":"2024-09-24T15:41:52","guid":{"rendered":"http:\/\/www.job.xcreditinsurance.com\/?page_id=15"},"modified":"2025-03-20T17:23:28","modified_gmt":"2025-03-20T17:23:28","slug":"disclaimer","status":"publish","type":"page","link":"https:\/\/www.job.xcreditinsurance.com\/de\/disclaimer\/","title":{"rendered":"Haftungsausschluss"},"content":{"rendered":"<p>Die Informationen auf <strong>job.xcreditinsurance.com<\/strong> dient ausschlie\u00dflich allgemeinen Informationszwecken. Alle Informationen auf dieser Website werden nach bestem Wissen und Gewissen bereitgestellt. Wir \u00fcbernehmen jedoch keine ausdr\u00fcckliche oder stillschweigende Zusicherung oder Gew\u00e4hrleistung hinsichtlich der Richtigkeit, Angemessenheit, G\u00fcltigkeit, Zuverl\u00e4ssigkeit, Verf\u00fcgbarkeit oder Vollst\u00e4ndigkeit der Informationen auf dieser Website.<\/p>\n\n\n\n<h3 class=\"wp-block-heading\">1. Keine professionelle Beratung<\/h3>\n\n\n\n<p>Der Inhalt von <strong>job.xcreditinsurance.com<\/strong> dient ausschlie\u00dflich zu Informationszwecken und stellt keine professionelle Beratung dar. Obwohl wir uns um genaue und aktuelle Informationen bem\u00fchen, sollten die Inhalte dieser Website nicht als Ersatz f\u00fcr professionelle berufliche, finanzielle, rechtliche oder sonstige Expertenberatung verwendet werden.<\/p>\n\n\n\n<p>Wir empfehlen Ihnen, sich an einen Fachmann auf dem jeweiligen Gebiet zu wenden, bevor Sie auf Grundlage der auf dieser Website bereitgestellten Informationen Ma\u00dfnahmen ergreifen. Wir haften nicht f\u00fcr Entscheidungen oder Ma\u00dfnahmen, die auf Grundlage der Informationen auf dieser Website getroffen werden.<\/p>\n\n\n\n<h3 class=\"wp-block-heading\">2. Haftungsausschluss f\u00fcr externe Links<\/h3>\n\n\n\n<p><strong>job.xcreditinsurance.com<\/strong> kann Links zu Websites oder Inhalten Dritter enthalten. Diese externen Links dienen ausschlie\u00dflich der Benutzerfreundlichkeit und Information. Wir \u00fcbernehmen keine Verantwortung f\u00fcr den Inhalt, die Richtigkeit oder die Verf\u00fcgbarkeit der von unserer Website verlinkten externen Websites.<\/p>\n\n\n\n<p>Wir haben keinen Einfluss auf Art, Inhalt und Verf\u00fcgbarkeit dieser Websites. Die Bereitstellung von Links stellt nicht zwangsl\u00e4ufig eine Empfehlung oder Billigung der darin ge\u00e4u\u00dferten Ansichten dar. Die Nutzung dieser externen Links erfolgt ausschlie\u00dflich auf Ihr eigenes Risiko.<\/p>\n\n\n\n<h3 class=\"wp-block-heading\">3. Haftungsausschluss f\u00fcr Werbung und Partner<\/h3>\n\n\n\n<p>Wir nehmen m\u00f6glicherweise am Affiliate-Marketing teil. Das bedeutet, dass wir eine Provision erhalten, wenn Sie auf bestimmte Links auf unserer Website klicken oder \u00fcber diese Links einen Kauf t\u00e4tigen. Diese Affiliate-Partnerschaften haben keinen Einfluss auf die Inhalte oder Themen auf <strong>job.xcreditinsurance.com<\/strong>.<\/p>\n\n\n\n<p>Wir nutzen auch Werbung von Drittanbietern, darunter Google AdSense, die basierend auf Ihrem Surfverhalten personalisierte Anzeigen anzeigen kann. Wir haben keine Kontrolle \u00fcber diese Anzeigen und lehnen jegliche Haftung f\u00fcr deren Inhalt oder Richtigkeit ab.<\/p>\n\n\n\n<h3 class=\"wp-block-heading\">4. Haftungsausschluss f\u00fcr Testimonials<\/h3>\n\n\n\n<p>Alle Erfahrungsberichte, Fallstudien oder Rezensionen auf <strong>job.xcreditinsurance.com<\/strong> spiegeln die pers\u00f6nlichen Erfahrungen und Meinungen der beteiligten Personen wider. Sie garantieren keine \u00e4hnlichen Ergebnisse oder Erfahrungen f\u00fcr andere Nutzer. Die Ergebnisse k\u00f6nnen variieren und h\u00e4ngen von zahlreichen Faktoren ab, darunter individuelle F\u00e4higkeiten, Umst\u00e4nde und Anstrengungen.<\/p>\n\n\n\n<h3 class=\"wp-block-heading\">5. Haftungsbeschr\u00e4nkung<\/h3>\n\n\n\n<p>In keinem Fall <strong>job.xcreditinsurance.com<\/strong>, seine Eigent\u00fcmer, Mitarbeiter oder verbundenen Unternehmen haften Ihnen oder Dritten gegen\u00fcber f\u00fcr Sch\u00e4den jeglicher Art, einschlie\u00dflich, aber nicht beschr\u00e4nkt auf direkte, indirekte, zuf\u00e4llige, Folge- oder Strafsch\u00e4den, die sich aus Ihrer Nutzung der Website, Ihrem Vertrauen auf deren Inhalte oder der Unf\u00e4higkeit, auf die Website zuzugreifen, ergeben.<\/p>\n\n\n\n<p>Hierzu z\u00e4hlen s\u00e4mtliche Verluste oder Sch\u00e4den, die durch Viren, Schadsoftware oder andere sch\u00e4dliche Komponenten entstehen, die Ihren Computer oder andere Ger\u00e4te infolge Ihrer Nutzung der Website oder verlinkter Websites infizieren k\u00f6nnen.<\/p>\n\n\n\n<h3 class=\"wp-block-heading\">6. Keine Garantien<\/h3>\n\n\n\n<p>Die Website und ihre Inhalte werden \u201ewie besehen\u201c und \u201ewie verf\u00fcgbar\u201c ohne jegliche ausdr\u00fcckliche oder stillschweigende Gew\u00e4hrleistung bereitgestellt. Wir \u00fcbernehmen keine Garantie f\u00fcr die Verf\u00fcgbarkeit, Funktionalit\u00e4t oder den Inhalt der Website. Wir lehnen jegliche Gew\u00e4hrleistung f\u00fcr die Marktg\u00e4ngigkeit, Eignung f\u00fcr einen bestimmten Zweck oder Nichtverletzung im gesetzlich zul\u00e4ssigen Umfang ab.<\/p>\n\n\n\n<h3 class=\"wp-block-heading\">7. \u00c4nderungen des Haftungsausschlusses<\/h3>\n\n\n\n<p>Wir behalten uns das Recht vor, diesen Haftungsausschluss jederzeit und ohne Vorank\u00fcndigung zu aktualisieren oder zu \u00e4ndern. Alle \u00c4nderungen werden auf dieser Seite ver\u00f6ffentlicht. Es liegt in Ihrer Verantwortung, diese Seite regelm\u00e4\u00dfig auf Aktualisierungen zu \u00fcberpr\u00fcfen. Ihre fortgesetzte Nutzung der Website nach \u00c4nderungen dieses Haftungsausschlusses gilt als Zustimmung zu diesen \u00c4nderungen.<\/p>\n\n\n\n<p><strong>Zuletzt aktualisiert<\/strong>: 09\/24\/1024<\/p>\n\n\n\n<h3 class=\"wp-block-heading\">8. Kontakt<\/h3>\n\n\n\n<p>Wenn Sie Fragen zu diesem Haftungsausschluss haben oder weitere Informationen ben\u00f6tigen, kontaktieren Sie uns bitte unter:<\/p>\n\n\n\n<p><strong>E-Mail<\/strong>: contact@job.xcreditinsurance.com<\/p>\n\n\n\n<p><\/p>","protected":false},"excerpt":{"rendered":"<p>The information provided on job.xcreditinsurance.com is for general informational purposes only. All information on the website is provided in good [&hellip;]<\/p>\n","protected":false},"author":1,"featured_media":0,"parent":0,"menu_order":0,"comment_status":"closed","ping_status":"closed","template":"","meta":{"_uag_custom_page_level_css":"","site-sidebar-layout":"default","site-content-layout":"","ast-site-content-layout":"default","site-content-style":"default","site-sidebar-style":"default","ast-global-header-display":"","ast-banner-title-visibility":"","ast-main-header-display":"","ast-hfb-above-header-display":"","ast-hfb-below-header-display":"","ast-hfb-mobile-header-display":"","site-post-title":"","ast-breadcrumbs-content":"","ast-featured-img":"","footer-sml-layout":"","ast-disable-related-posts":"","theme-transparent-header-meta":"","adv-header-id-meta":"","stick-header-meta":"","header-above-stick-meta":"","header-main-stick-meta":"","header-below-stick-meta":"","astra-migrate-meta-layouts":"default","ast-page-background-enabled":"default","ast-page-background-meta":{"desktop":{"background-color":"var(--ast-global-color-4)","background-image":"","background-repeat":"repeat","background-position":"center center","background-size":"auto","background-attachment":"scroll","background-type":"","background-media":"","overlay-type":"","overlay-color":"","overlay-opacity":"","overlay-gradient":""},"tablet":{"background-color":"","background-image":"","background-repeat":"repeat","background-position":"center center","background-size":"auto","background-attachment":"scroll","background-type":"","background-media":"","overlay-type":"","overlay-color":"","overlay-opacity":"","overlay-gradient":""},"mobile":{"background-color":"","background-image":"","background-repeat":"repeat","background-position":"center center","background-size":"auto","background-attachment":"scroll","background-type":"","background-media":"","overlay-type":"","overlay-color":"","overlay-opacity":"","overlay-gradient":""}},"ast-content-background-meta":{"desktop":{"background-color":"var(--ast-global-color-5)","background-image":"","background-repeat":"repeat","background-position":"center center","background-size":"auto","background-attachment":"scroll","background-type":"","background-media":"","overlay-type":"","overlay-color":"","overlay-opacity":"","overlay-gradient":""},"tablet":{"background-color":"var(--ast-global-color-5)","background-image":"","background-repeat":"repeat","background-position":"center center","background-size":"auto","background-attachment":"scroll","background-type":"","background-media":"","overlay-type":"","overlay-color":"","overlay-opacity":"","overlay-gradient":""},"mobile":{"background-color":"var(--ast-global-color-5)","background-image":"","background-repeat":"repeat","background-position":"center center","background-size":"auto","background-attachment":"scroll","background-type":"","background-media":"","overlay-type":"","overlay-color":"","overlay-opacity":"","overlay-gradient":""}},"footnotes":""},"class_list":["post-15","page","type-page","status-publish","hentry"],"uagb_featured_image_src":{"full":false,"thumbnail":false,"medium":false,"medium_large":false,"large":false,"1536x1536":false,"2048x2048":false,"trp-custom-language-flag":false},"uagb_author_info":{"display_name":"Career.job2credit","author_link":"https:\/\/www.job.xcreditinsurance.com\/de\/author\/career-job2credit\/"},"uagb_comment_info":0,"uagb_excerpt":"The information provided on job.xcreditinsurance.com is for general informational purposes only. All information on the website is provided in good [&hellip;]","_links":{"self":[{"href":"https:\/\/www.job.xcreditinsurance.com\/de\/wp-json\/wp\/v2\/pages\/15","targetHints":{"allow":["GET"]}}],"collection":[{"href":"https:\/\/www.job.xcreditinsurance.com\/de\/wp-json\/wp\/v2\/pages"}],"about":[{"href":"https:\/\/www.job.xcreditinsurance.com\/de\/wp-json\/wp\/v2\/types\/page"}],"author":[{"embeddable":true,"href":"https:\/\/www.job.xcreditinsurance.com\/de\/wp-json\/wp\/v2\/users\/1"}],"replies":[{"embeddable":true,"href":"https:\/\/www.job.xcreditinsurance.com\/de\/wp-json\/wp\/v2\/comments?post=15"}],"version-history":[{"count":3,"href":"https:\/\/www.job.xcreditinsurance.com\/de\/wp-json\/wp\/v2\/pages\/15\/revisions"}],"predecessor-version":[{"id":35,"href":"https:\/\/www.job.xcreditinsurance.com\/de\/wp-json\/wp\/v2\/pages\/15\/revisions\/35"}],"wp:attachment":[{"href":"https:\/\/www.job.xcreditinsurance.com\/de\/wp-json\/wp\/v2\/media?parent=15"}],"curies":[{"name":"wp","href":"https:\/\/api.w.org\/{rel}","templated":true}]}}