{"id":17,"date":"2024-09-24T15:42:13","date_gmt":"2024-09-24T15:42:13","guid":{"rendered":"http:\/\/www.job.xcreditinsurance.com\/?page_id=17"},"modified":"2025-03-20T17:23:27","modified_gmt":"2025-03-20T17:23:27","slug":"cookies-policy","status":"publish","type":"page","link":"https:\/\/www.job.xcreditinsurance.com\/de\/cookies-policy\/","title":{"rendered":"Cookies-Richtlinie"},"content":{"rendered":"<p>Bei <strong>job.xcreditinsurance.com<\/strong>Wir verwenden Cookies und \u00e4hnliche Tracking-Technologien, um Ihr Surferlebnis zu verbessern und personalisierte Inhalte bereitzustellen. Diese Cookie-Richtlinie erkl\u00e4rt, was Cookies sind, wie wir sie verwenden und wie Sie ihre Verwendung steuern k\u00f6nnen. Durch die weitere Nutzung unserer Website stimmen Sie der Verwendung von Cookies gem\u00e4\u00df dieser Richtlinie zu.<\/p>\n\n\n\n<h3 class=\"wp-block-heading\">1. Was sind Cookies?<\/h3>\n\n\n\n<p>Cookies sind kleine Textdateien, die beim Besuch einer Website auf Ihrem Ger\u00e4t (Computer, Smartphone oder Tablet) abgelegt werden. Sie erm\u00f6glichen es der Website, Ihr Ger\u00e4t zu erkennen und bestimmte Informationen, wie z. B. Ihre Pr\u00e4ferenzen oder fr\u00fchere Aktionen, zu speichern. Cookies tragen dazu bei, Ihr Surferlebnis zu verbessern, indem sie Ihre Einstellungen speichern und bestimmte Funktionen der Website erm\u00f6glichen.<\/p>\n\n\n\n<h3 class=\"wp-block-heading\">2. Arten von Cookies, die wir verwenden<\/h3>\n\n\n\n<p>Wir verwenden verschiedene Arten von Cookies f\u00fcr unterschiedliche Zwecke:<\/p>\n\n\n\n<h4 class=\"wp-block-heading\">a. Notwendige Cookies<\/h4>\n\n\n\n<p>Diese Cookies sind f\u00fcr das ordnungsgem\u00e4\u00dfe Funktionieren der Website unerl\u00e4sslich. Sie erm\u00f6glichen grundlegende Funktionen wie die Seitennavigation und den Zugang zu sicheren Bereichen der Website. Ohne diese Cookies funktionieren einige Teile der Website m\u00f6glicherweise nicht richtig.<\/p>\n\n\n\n<ul class=\"wp-block-list\">\n<li>Beispiel: Sitzungscookies, die es Ihnen erm\u00f6glichen, sich anzumelden und w\u00e4hrend Ihres Besuchs angemeldet zu bleiben.<\/li>\n<\/ul>\n\n\n\n<h4 class=\"wp-block-heading\">b. Leistungs-Cookies<\/h4>\n\n\n\n<p>Diese Cookies helfen uns zu verstehen, wie Besucher mit unserer Webseiten interagieren, indem Informationen anonym gesammelt und gemeldet werden. Dies unterst\u00fctzt uns dabei, die Leistung und Funktionalit\u00e4t der Seite zu verbessern.<\/p>\n\n\n\n<ul class=\"wp-block-list\">\n<li>Beispiel: Analyse-Cookies, die Seitenaufrufe, Sitzungsdauer und Absprungraten verfolgen.<\/li>\n<\/ul>\n\n\n\n<h4 class=\"wp-block-heading\">c. Funktionale Cookies<\/h4>\n\n\n\n<p>Mithilfe dieser Cookies kann sich die Website Ihre Einstellungen merken, beispielsweise Ihre Spracheinstellungen oder die Region, in der Sie sich befinden, und erweiterte, personalisierte Funktionen bereitstellen.<\/p>\n\n\n\n<ul class=\"wp-block-list\">\n<li>Beispiel: Cookies, die sich Ihre Spracheinstellungen oder in den Einkaufswagen gelegte Artikel merken.<\/li>\n<\/ul>\n\n\n\n<h4 class=\"wp-block-heading\">d. Werbe-Cookies<\/h4>\n\n\n\n<p>Wir verwenden Werbe-Cookies von Drittanbietern, einschlie\u00dflich der von Google AdSense, um personalisierte Werbung basierend auf Ihrem Surfverhalten auszuliefern. Diese Cookies verfolgen Ihre Interaktionen mit den angezeigten Anzeigen und tragen dazu bei, die Relevanz der Werbung zu verbessern.<\/p>\n\n\n\n<ul class=\"wp-block-list\">\n<li>Beispiel: Cookies, die Ihnen Werbung basierend auf den von Ihnen besuchten Websites anzeigen.<\/li>\n<\/ul>\n\n\n\n<h3 class=\"wp-block-heading\">3. Cookies von Drittanbietern<\/h3>\n\n\n\n<p>Einige Cookies auf unserer Website k\u00f6nnen von Drittanbietern stammen, die auf unseren Seiten erscheinen. Diese Drittanbieter-Cookies dienen dazu, Ihre Online-Aktivit\u00e4ten auf verschiedenen Websites zu verfolgen und Ihnen gezielte, auf Ihre Interessen abgestimmte Werbung anzuzeigen. Wir haben keine Kontrolle \u00fcber die Funktionsweise dieser Cookies. Sie k\u00f6nnen die Datenschutzrichtlinien dieser Drittanbieter einsehen, um zu erfahren, wie diese Ihre Daten verwenden.<\/p>\n\n\n\n<p>Zu den Diensten Dritter, die wir m\u00f6glicherweise nutzen, geh\u00f6ren:<\/p>\n\n\n\n<ul class=\"wp-block-list\">\n<li><strong>Google AdSense<\/strong>: Zur Anzeige personalisierter Werbung basierend auf Ihren Interessen. Erfahren Sie mehr \u00fcber Google AdSense-Cookies <a>Hier<\/a>.<\/li>\n<\/ul>\n\n\n\n<h3 class=\"wp-block-heading\">4. Wie wir Cookies verwenden<\/h3>\n\n\n\n<p>Wir verwenden Cookies, um Ihr Erlebnis auf <strong>job.xcreditinsurance.com<\/strong>Cookies helfen uns insbesondere dabei:<\/p>\n\n\n\n<ul class=\"wp-block-list\">\n<li>Merken Sie sich Ihre Pr\u00e4ferenzen und Einstellungen.<\/li>\n\n\n\n<li>Verstehen, wie Sie unsere Website nutzen, damit wir ihre Funktionalit\u00e4t und Leistung verbessern k\u00f6nnen.<\/li>\n\n\n\n<li>Zeigen Sie personalisierte Werbung an, die f\u00fcr Ihre Interessen relevant ist.<\/li>\n\n\n\n<li>Behalten Sie den \u00dcberblick \u00fcber Ihre Sitzung, damit Sie effizienter auf unserer Website navigieren k\u00f6nnen.<\/li>\n<\/ul>\n\n\n\n<h3 class=\"wp-block-heading\">5. Verwalten und Deaktivieren von Cookies<\/h3>\n\n\n\n<p>Sie haben jederzeit die M\u00f6glichkeit, Cookies zu akzeptieren oder abzulehnen. Die meisten Browser akzeptieren Cookies automatisch. Sie k\u00f6nnen Ihre Browsereinstellungen jedoch in der Regel so \u00e4ndern, dass Cookies abgelehnt werden. Bitte beachten Sie, dass die Deaktivierung von Cookies die Funktionalit\u00e4t bestimmter Teile der Website beeintr\u00e4chtigen kann.<\/p>\n\n\n\n<h4 class=\"wp-block-heading\">So verwalten Sie Cookies in Ihrem Browser:<\/h4>\n\n\n\n<ul class=\"wp-block-list\">\n<li><strong>Google Chrome<\/strong>: <a>Anweisungen<\/a><\/li>\n\n\n\n<li><strong>Mozilla Firefox<\/strong>: <a href=\"https:\/\/support.mozilla.org\/en-US\/kb\/enable-and-disable-cookies-website-preferences\">Anweisungen<\/a><\/li>\n\n\n\n<li><strong>Microsoft Edge<\/strong>: <a href=\"https:\/\/support.microsoft.com\/en-us\/help\/4027947\/microsoft-edge-delete-cookies\">Anweisungen<\/a><\/li>\n\n\n\n<li><strong>Safari<\/strong>: <a href=\"https:\/\/support.apple.com\/guide\/safari\/manage-cookies-and-website-data-sfri11471\/mac\">Anweisungen<\/a><\/li>\n<\/ul>\n\n\n\n<h3 class=\"wp-block-heading\">6. Deaktivierung von Werbe-Cookies Dritter<\/h3>\n\n\n\n<p>Wenn Sie Werbe-Cookies von Drittanbietern ablehnen m\u00f6chten, k\u00f6nnen Sie Ihre Einstellungen \u00fcber die folgenden Links verwalten:<\/p>\n\n\n\n<ul class=\"wp-block-list\">\n<li><a href=\"https:\/\/adssettings.google.com\">Google Ads-Einstellungen<\/a><\/li>\n\n\n\n<li><a>Opt-out der Network Advertising Initiative (NAI)<\/a><\/li>\n\n\n\n<li><a>Opt-out der Digital Advertising Alliance (DAA)<\/a><\/li>\n<\/ul>\n\n\n\n<p>Alternativ k\u00f6nnen Sie besuchen <a href=\"https:\/\/www.aboutads.info\">www.aboutads.info<\/a> um personalisierte Werbe-Cookies von Drittanbietern abzulehnen.<\/p>\n\n\n\n<h3 class=\"wp-block-heading\">7. \u00c4nderungen dieser Cookie-Richtlinie<\/h3>\n\n\n\n<p>Wir behalten uns das Recht vor, diese Cookie-Richtlinie gelegentlich zu aktualisieren, um \u00c4nderungen an den von uns verwendeten Cookies oder aus anderen betrieblichen, rechtlichen oder regulatorischen Gr\u00fcnden Rechnung zu tragen. Wir empfehlen Ihnen, diese Richtlinie regelm\u00e4\u00dfig zu \u00fcberpr\u00fcfen, um \u00fcber unsere Verwendung von Cookies und deren Verwaltung informiert zu bleiben.<\/p>\n\n\n\n<p><strong>Zuletzt aktualisiert<\/strong>: 09\/24\/2024<\/p>\n\n\n\n<h3 class=\"wp-block-heading\">8. Kontakt<\/h3>\n\n\n\n<p>Wenn Sie Fragen zu unserer Cookie-Richtlinie oder zur Verwendung von Cookies auf dieser Website haben, kontaktieren Sie uns bitte unter:<\/p>\n\n\n\n<p><strong>E-Mail<\/strong>: contact@job.xcreditinsurance.com<\/p>\n\n\n\n<p><\/p>","protected":false},"excerpt":{"rendered":"<p>At job.xcreditinsurance.com, we use cookies and similar tracking technologies to improve your browsing experience and provide personalized content. This Cookies [&hellip;]<\/p>\n","protected":false},"author":1,"featured_media":0,"parent":0,"menu_order":0,"comment_status":"closed","ping_status":"closed","template":"","meta":{"_uag_custom_page_level_css":"","site-sidebar-layout":"default","site-content-layout":"","ast-site-content-layout":"default","site-content-style":"default","site-sidebar-style":"default","ast-global-header-display":"","ast-banner-title-visibility":"","ast-main-header-display":"","ast-hfb-above-header-display":"","ast-hfb-below-header-display":"","ast-hfb-mobile-header-display":"","site-post-title":"","ast-breadcrumbs-content":"","ast-featured-img":"","footer-sml-layout":"","ast-disable-related-posts":"","theme-transparent-header-meta":"","adv-header-id-meta":"","stick-header-meta":"","header-above-stick-meta":"","header-main-stick-meta":"","header-below-stick-meta":"","astra-migrate-meta-layouts":"default","ast-page-background-enabled":"default","ast-page-background-meta":{"desktop":{"background-color":"var(--ast-global-color-4)","background-image":"","background-repeat":"repeat","background-position":"center center","background-size":"auto","background-attachment":"scroll","background-type":"","background-media":"","overlay-type":"","overlay-color":"","overlay-opacity":"","overlay-gradient":""},"tablet":{"background-color":"","background-image":"","background-repeat":"repeat","background-position":"center center","background-size":"auto","background-attachment":"scroll","background-type":"","background-media":"","overlay-type":"","overlay-color":"","overlay-opacity":"","overlay-gradient":""},"mobile":{"background-color":"","background-image":"","background-repeat":"repeat","background-position":"center center","background-size":"auto","background-attachment":"scroll","background-type":"","background-media":"","overlay-type":"","overlay-color":"","overlay-opacity":"","overlay-gradient":""}},"ast-content-background-meta":{"desktop":{"background-color":"var(--ast-global-color-5)","background-image":"","background-repeat":"repeat","background-position":"center center","background-size":"auto","background-attachment":"scroll","background-type":"","background-media":"","overlay-type":"","overlay-color":"","overlay-opacity":"","overlay-gradient":""},"tablet":{"background-color":"var(--ast-global-color-5)","background-image":"","background-repeat":"repeat","background-position":"center center","background-size":"auto","background-attachment":"scroll","background-type":"","background-media":"","overlay-type":"","overlay-color":"","overlay-opacity":"","overlay-gradient":""},"mobile":{"background-color":"var(--ast-global-color-5)","background-image":"","background-repeat":"repeat","background-position":"center center","background-size":"auto","background-attachment":"scroll","background-type":"","background-media":"","overlay-type":"","overlay-color":"","overlay-opacity":"","overlay-gradient":""}},"footnotes":""},"class_list":["post-17","page","type-page","status-publish","hentry"],"uagb_featured_image_src":{"full":false,"thumbnail":false,"medium":false,"medium_large":false,"large":false,"1536x1536":false,"2048x2048":false,"trp-custom-language-flag":false},"uagb_author_info":{"display_name":"Career.job2credit","author_link":"https:\/\/www.job.xcreditinsurance.com\/de\/author\/career-job2credit\/"},"uagb_comment_info":0,"uagb_excerpt":"At job.xcreditinsurance.com, we use cookies and similar tracking technologies to improve your browsing experience and provide personalized content. This Cookies [&hellip;]","_links":{"self":[{"href":"https:\/\/www.job.xcreditinsurance.com\/de\/wp-json\/wp\/v2\/pages\/17","targetHints":{"allow":["GET"]}}],"collection":[{"href":"https:\/\/www.job.xcreditinsurance.com\/de\/wp-json\/wp\/v2\/pages"}],"about":[{"href":"https:\/\/www.job.xcreditinsurance.com\/de\/wp-json\/wp\/v2\/types\/page"}],"author":[{"embeddable":true,"href":"https:\/\/www.job.xcreditinsurance.com\/de\/wp-json\/wp\/v2\/users\/1"}],"replies":[{"embeddable":true,"href":"https:\/\/www.job.xcreditinsurance.com\/de\/wp-json\/wp\/v2\/comments?post=17"}],"version-history":[{"count":3,"href":"https:\/\/www.job.xcreditinsurance.com\/de\/wp-json\/wp\/v2\/pages\/17\/revisions"}],"predecessor-version":[{"id":34,"href":"https:\/\/www.job.xcreditinsurance.com\/de\/wp-json\/wp\/v2\/pages\/17\/revisions\/34"}],"wp:attachment":[{"href":"https:\/\/www.job.xcreditinsurance.com\/de\/wp-json\/wp\/v2\/media?parent=17"}],"curies":[{"name":"wp","href":"https:\/\/api.w.org\/{rel}","templated":true}]}}