{"id":24,"date":"2024-09-24T16:10:17","date_gmt":"2024-09-24T16:10:17","guid":{"rendered":"http:\/\/www.job.xcreditinsurance.com\/?page_id=24"},"modified":"2025-03-20T17:23:26","modified_gmt":"2025-03-20T17:23:26","slug":"about-us","status":"publish","type":"page","link":"https:\/\/www.job.xcreditinsurance.com\/de\/about-us\/","title":{"rendered":"\u00dcber uns"},"content":{"rendered":"<p>Willkommen bei <strong>job.xcreditinsurance.com<\/strong>, eine Plattform, die Ihnen wertvolle karrierebezogene Informationen und Ressourcen bietet, um Ihnen fundierte Entscheidungen f\u00fcr Ihren beruflichen Werdegang zu erm\u00f6glichen. Unser Ziel ist es, n\u00fctzliche Erkenntnisse und Daten zu sammeln und zu pr\u00e4sentieren, um Ihre Jobsuche und Ihren Karriereentwicklungsprozess zu vereinfachen.<\/p>\n\n\n\n<h3 class=\"wp-block-heading\">Unsere Mission<\/h3>\n\n\n\n<p>Bei <strong>job.xcreditinsurance.com<\/strong>Wir m\u00f6chten berufsbezogene Informationen f\u00fcr alle leicht zug\u00e4nglich machen. Wir verstehen die Herausforderungen, die der Arbeitsmarkt mit sich bringt. Unser Ziel ist es, Nutzern relevante Informationen bereitzustellen, die ihnen helfen, die richtigen Stellen zu finden, ihre F\u00e4higkeiten zu entwickeln und sich beruflich weiterzuentwickeln.<\/p>\n\n\n\n<p><strong>bitte beachten Sie<\/strong>: Wir bieten keine direkten Dienstleistungen, Stellenvermittlungen oder Personalbeschaffung an. Wir dienen Ihnen als Informationsquelle und helfen Ihnen, die richtigen Tools und M\u00f6glichkeiten auf anderen Plattformen zu finden.<\/p>\n\n\n\n<h3 class=\"wp-block-heading\">Unser Angebot<\/h3>\n\n\n\n<p>Unser Fokus liegt auf der Bereitstellung aktueller und praktischer Informationen, die Ihnen die Jobsuche und Karriereentscheidungen erleichtern. So unterst\u00fctzen wir Sie:<\/p>\n\n\n\n<ul class=\"wp-block-list\">\n<li><strong>Ressourcen zur Jobsuche<\/strong>: Wir stellen n\u00fctzliche Tipps und Strategien zusammen, die Ihnen dabei helfen, sich auf Jobb\u00f6rsen zurechtzufinden und sich auf Stellen zu bewerben, die Ihren Qualifikationen entsprechen.<\/li>\n\n\n\n<li><strong>Karriereberatung<\/strong>: Unsere Artikel bieten Anleitungen zum Erstellen eines Lebenslaufs, zur Vorbereitung auf Vorstellungsgespr\u00e4che, zum Networking und zur Karriereplanung.<\/li>\n\n\n\n<li><strong>Informationen zu Trends<\/strong>: Bleiben Sie \u00fcber die neuesten Branchentrends und Ver\u00e4nderungen auf dem Arbeitsmarkt informiert, die Ihre Berufswahl beeinflussen k\u00f6nnen.<\/li>\n\n\n\n<li><strong>Bildungs- und Kompetenzentwicklung<\/strong>: Wir heben Ressourcen und Kurse hervor, die Ihnen dabei helfen k\u00f6nnen, Ihre F\u00e4higkeiten zu verbessern, obwohl wir keine Kurse direkt anbieten oder verkaufen.<\/li>\n<\/ul>\n\n\n\n<h3 class=\"wp-block-heading\">Unsere Rolle<\/h3>\n\n\n\n<p>Unsere Website dient ausschlie\u00dflich dazu, <strong>den Zugang zu Informationen zu erleichtern<\/strong>Wir sind weder eine Personalvermittlung noch ein Dienstleister. Wir garantieren weder eine Stellenvermittlung noch bieten wir eine individuelle Karriereberatung an. Unser Ziel ist es vielmehr, Nutzern hilfreiche Informationen f\u00fcr ihre eigenst\u00e4ndige Karrieresuche bereitzustellen.<\/p>\n\n\n\n<h3 class=\"wp-block-heading\">Warum uns w\u00e4hlen?<\/h3>\n\n\n\n<p>Wir wissen, wie \u00fcberw\u00e4ltigend der Arbeitsmarkt sein kann. Mit leicht zug\u00e4nglichen und \u00fcbersichtlichen Informationen m\u00f6chten wir Ihre Jobsuche und Ihren beruflichen Aufstieg effizienter und stressfreier gestalten.<\/p>\n\n\n\n<p>Was Sie erwarten k\u00f6nnen von <strong>job.xcreditinsurance.com<\/strong>:<\/p>\n\n\n\n<ul class=\"wp-block-list\">\n<li><strong>Objektive Informationen<\/strong>: Wir konzentrieren uns darauf, unvoreingenommene, genaue und aktuelle Informationen bereitzustellen, um Ihre Karriereentscheidungen zu unterst\u00fctzen.<\/li>\n\n\n\n<li><strong>Benutzerfreundlichkeit<\/strong>: Unsere Plattform ist benutzerfreundlich gestaltet, sodass Sie die ben\u00f6tigten Ressourcen ganz einfach finden.<\/li>\n\n\n\n<li><strong>Umfassende Themen<\/strong>: Wir decken ein breites Spektrum karrierebezogener Themen ab, darunter Techniken zur Jobsuche, Kompetenzentwicklung und Einblicke in die Branche.<\/li>\n<\/ul>\n\n\n\n<h3 class=\"wp-block-heading\">Haftungsausschluss<\/h3>\n\n\n\n<p>Es ist wichtig, das klarzustellen <strong>job.xcreditinsurance.com<\/strong> bietet keine direkten Stellenvermittlungen, Karrierecoaching oder personalisierte Dienstleistungen an. Wir sind nicht verantwortlich f\u00fcr Entscheidungen, die Sie aufgrund der auf dieser Website bereitgestellten Informationen treffen. Unsere Inhalte dienen ausschlie\u00dflich dazu, <strong>informieren und begleiten<\/strong> Benutzer bei ihrer eigenen Karriereerkundung.<\/p>\n\n\n\n<h3 class=\"wp-block-heading\">Unsere Vision<\/h3>\n\n\n\n<p>Wir sind \u00fcberzeugt, dass informierte Menschen die besseren Karriereentscheidungen treffen. Unsere Vision ist es, weiterhin hochwertige und zuverl\u00e4ssige Informationen bereitzustellen, die es Nutzern erm\u00f6glichen, ihren Karriereweg selbst zu bestimmen, ohne dass sie daf\u00fcr kostenpflichtige Dienste oder Vermittler ben\u00f6tigen.<\/p>\n\n\n\n<h3 class=\"wp-block-heading\">Schreiben Sie uns<\/h3>\n\n\n\n<p>Wir freuen uns \u00fcber Ihren Besuch bei <strong>job.xcreditinsurance.com<\/strong> Wir freuen uns \u00fcber Feedback und Fragen. Wenn Sie mit uns Kontakt aufnehmen m\u00f6chten, k\u00f6nnen Sie sich gerne an uns wenden.<\/p>\n\n\n\n<p><strong>Kontakt-E-Mail<\/strong>: contact@job.xcreditinsurance.com<\/p>\n\n\n\n<p>Vielen Dank f\u00fcr Ihr Vertrauen <strong>job.xcreditinsurance.com<\/strong> als Ihre Quelle f\u00fcr karrierebezogene Informationen. Wir freuen uns darauf, Sie auf Ihrem Karriereweg zu unterst\u00fctzen, indem wir Ihnen die Tools und Einblicke bieten, die Sie f\u00fcr fundierte Entscheidungen ben\u00f6tigen.<\/p>\n\n\n\n<p><\/p>","protected":false},"excerpt":{"rendered":"<p>Welcome to job.xcreditinsurance.com, a platform dedicated to providing valuable career-related information and resources to help you make informed decisions in [&hellip;]<\/p>\n","protected":false},"author":1,"featured_media":0,"parent":0,"menu_order":0,"comment_status":"closed","ping_status":"closed","template":"","meta":{"_uag_custom_page_level_css":"","site-sidebar-layout":"default","site-content-layout":"","ast-site-content-layout":"default","site-content-style":"default","site-sidebar-style":"default","ast-global-header-display":"","ast-banner-title-visibility":"","ast-main-header-display":"","ast-hfb-above-header-display":"","ast-hfb-below-header-display":"","ast-hfb-mobile-header-display":"","site-post-title":"","ast-breadcrumbs-content":"","ast-featured-img":"","footer-sml-layout":"","ast-disable-related-posts":"","theme-transparent-header-meta":"","adv-header-id-meta":"","stick-header-meta":"","header-above-stick-meta":"","header-main-stick-meta":"","header-below-stick-meta":"","astra-migrate-meta-layouts":"default","ast-page-background-enabled":"default","ast-page-background-meta":{"desktop":{"background-color":"var(--ast-global-color-4)","background-image":"","background-repeat":"repeat","background-position":"center center","background-size":"auto","background-attachment":"scroll","background-type":"","background-media":"","overlay-type":"","overlay-color":"","overlay-opacity":"","overlay-gradient":""},"tablet":{"background-color":"","background-image":"","background-repeat":"repeat","background-position":"center center","background-size":"auto","background-attachment":"scroll","background-type":"","background-media":"","overlay-type":"","overlay-color":"","overlay-opacity":"","overlay-gradient":""},"mobile":{"background-color":"","background-image":"","background-repeat":"repeat","background-position":"center center","background-size":"auto","background-attachment":"scroll","background-type":"","background-media":"","overlay-type":"","overlay-color":"","overlay-opacity":"","overlay-gradient":""}},"ast-content-background-meta":{"desktop":{"background-color":"var(--ast-global-color-5)","background-image":"","background-repeat":"repeat","background-position":"center center","background-size":"auto","background-attachment":"scroll","background-type":"","background-media":"","overlay-type":"","overlay-color":"","overlay-opacity":"","overlay-gradient":""},"tablet":{"background-color":"var(--ast-global-color-5)","background-image":"","background-repeat":"repeat","background-position":"center center","background-size":"auto","background-attachment":"scroll","background-type":"","background-media":"","overlay-type":"","overlay-color":"","overlay-opacity":"","overlay-gradient":""},"mobile":{"background-color":"var(--ast-global-color-5)","background-image":"","background-repeat":"repeat","background-position":"center center","background-size":"auto","background-attachment":"scroll","background-type":"","background-media":"","overlay-type":"","overlay-color":"","overlay-opacity":"","overlay-gradient":""}},"footnotes":""},"class_list":["post-24","page","type-page","status-publish","hentry"],"uagb_featured_image_src":{"full":false,"thumbnail":false,"medium":false,"medium_large":false,"large":false,"1536x1536":false,"2048x2048":false,"trp-custom-language-flag":false},"uagb_author_info":{"display_name":"Career.job2credit","author_link":"https:\/\/www.job.xcreditinsurance.com\/de\/author\/career-job2credit\/"},"uagb_comment_info":0,"uagb_excerpt":"Welcome to job.xcreditinsurance.com, a platform dedicated to providing valuable career-related information and resources to help you make informed decisions in [&hellip;]","_links":{"self":[{"href":"https:\/\/www.job.xcreditinsurance.com\/de\/wp-json\/wp\/v2\/pages\/24","targetHints":{"allow":["GET"]}}],"collection":[{"href":"https:\/\/www.job.xcreditinsurance.com\/de\/wp-json\/wp\/v2\/pages"}],"about":[{"href":"https:\/\/www.job.xcreditinsurance.com\/de\/wp-json\/wp\/v2\/types\/page"}],"author":[{"embeddable":true,"href":"https:\/\/www.job.xcreditinsurance.com\/de\/wp-json\/wp\/v2\/users\/1"}],"replies":[{"embeddable":true,"href":"https:\/\/www.job.xcreditinsurance.com\/de\/wp-json\/wp\/v2\/comments?post=24"}],"version-history":[{"count":2,"href":"https:\/\/www.job.xcreditinsurance.com\/de\/wp-json\/wp\/v2\/pages\/24\/revisions"}],"predecessor-version":[{"id":32,"href":"https:\/\/www.job.xcreditinsurance.com\/de\/wp-json\/wp\/v2\/pages\/24\/revisions\/32"}],"wp:attachment":[{"href":"https:\/\/www.job.xcreditinsurance.com\/de\/wp-json\/wp\/v2\/media?parent=24"}],"curies":[{"name":"wp","href":"https:\/\/api.w.org\/{rel}","templated":true}]}}