{"id":3,"date":"2024-09-24T15:24:58","date_gmt":"2024-09-24T15:24:58","guid":{"rendered":"http:\/\/www.job.xcreditinsurance.com\/?page_id=3"},"modified":"2025-03-20T17:23:31","modified_gmt":"2025-03-20T17:23:31","slug":"privacy-policy","status":"publish","type":"page","link":"https:\/\/www.job.xcreditinsurance.com\/de\/privacy-policy\/","title":{"rendered":"Datenschutzrichtlinie"},"content":{"rendered":"<p>Ihre Privatsph\u00e4re ist uns wichtig. Diese Datenschutzrichtlinie beschreibt, wie wir Ihre pers\u00f6nlichen Daten sammeln, verwenden und sch\u00fctzen, wenn Sie die Website besuchen <strong>job.xcreditinsurance.com<\/strong>.<\/p>\n\n\n\n<h3 class=\"wp-block-heading\">1. Von uns erfasste Informationen<\/h3>\n\n\n\n<p>Wir erfassen Informationen auf verschiedene Weise, wenn Sie unsere Website besuchen und mit ihr interagieren. Zu den Arten von Informationen, die erfasst werden k\u00f6nnen, geh\u00f6ren:<\/p>\n\n\n\n<ul class=\"wp-block-list\">\n<li><strong>Freiwillig bereitgestellte pers\u00f6nliche Informationen<\/strong>: Wenn Sie sich auf unserer Website registrieren, einen Newsletter abonnieren, ein Kontaktformular ausf\u00fcllen oder mit anderen Funktionen interagieren, erfassen wir m\u00f6glicherweise Daten wie Ihren Namen, Ihre E-Mail-Adresse und Ihre Kontaktinformationen.<\/li>\n\n\n\n<li><strong>Automatisch erfasste Informationen<\/strong>: Unsere Website verwendet Cookies, Pixel und andere Tracking-Technologien, um automatisch Daten wie Ihre IP-Adresse, Ihren Browsertyp, die besuchten Seiten, die Dauer des Besuchs und andere Details zu Ihrer Nutzung der Website zu erfassen.<\/li>\n<\/ul>\n\n\n\n<h3 class=\"wp-block-heading\">2. Wie wir Ihre Daten verwenden<\/h3>\n\n\n\n<p>Die von uns gesammelten Informationen werden auf verschiedene Weise verwendet:<\/p>\n\n\n\n<ul class=\"wp-block-list\">\n<li><strong>Zur Verbesserung der Benutzererfahrung<\/strong>: Die Daten helfen uns zu verstehen, wie Benutzer auf der Site navigieren, und erm\u00f6glichen es uns, das Erlebnis entsprechend Ihren Pr\u00e4ferenzen zu personalisieren.<\/li>\n\n\n\n<li><strong>So senden Sie Mitteilungen<\/strong>: Wir verwenden Ihre E-Mail-Adresse, um Ihnen Updates und Informationen zu unseren Dienstleistungen zu senden, sofern Sie sich f\u00fcr den Erhalt solcher Mitteilungen entschieden haben. Sie k\u00f6nnen diese Mitteilungen jederzeit abbestellen.<\/li>\n\n\n\n<li><strong>F\u00fcr Werbezwecke<\/strong>: Wir k\u00f6nnen aggregierte Informationen verwenden, um f\u00fcr Sie relevante Werbung zu personalisieren und anzuzeigen, auch \u00fcber Dritte wie Google AdSense.<\/li>\n<\/ul>\n\n\n\n<h3 class=\"wp-block-heading\">3. Cookies und Tracking-Technologien<\/h3>\n\n\n\n<p><strong>job.xcreditinsurance.com<\/strong> verwendet Cookies, um Ihr Erlebnis zu verbessern. Cookies sind kleine Textdateien, die auf Ihrem Ger\u00e4t gespeichert werden und die ordnungsgem\u00e4\u00dfe Funktion der Website und die Erfassung bestimmter Informationen erm\u00f6glichen.<\/p>\n\n\n\n<h4 class=\"wp-block-heading\">Arten von Cookies, die wir verwenden:<\/h4>\n\n\n\n<ul class=\"wp-block-list\">\n<li><strong>Notwendige Cookies<\/strong>: Diese Cookies sind f\u00fcr die korrekte Funktion der Website unerl\u00e4sslich.<\/li>\n\n\n\n<li><strong>Leistungs-Cookies<\/strong>: Diese werden verwendet, um zu analysieren, wie Benutzer mit unserer Site interagieren, sodass wir ihre Leistung und Funktionalit\u00e4t verbessern k\u00f6nnen.<\/li>\n\n\n\n<li><strong>Werbe-Cookies<\/strong>: Google AdSense und andere Partner k\u00f6nnen Cookies verwenden, um relevante Anzeigen basierend auf Ihren Pr\u00e4ferenzen und fr\u00fcheren Aktivit\u00e4ten auf der Website zu schalten.<\/li>\n<\/ul>\n\n\n\n<h3 class=\"wp-block-heading\">4. Google AdSense-Werbung<\/h3>\n\n\n\n<p>Unsere Website verwendet Google AdSense zur Anzeige von Anzeigen. Google AdSense kann Informationen \u00fcber Nutzerinteraktionen mit den Anzeigen sammeln, einschlie\u00dflich der Besuche auf unserer Website und anderen Websites. Dadurch k\u00f6nnen Anzeigen basierend auf Ihren Interessen geschaltet werden.<\/p>\n\n\n\n<h4 class=\"wp-block-heading\">Verwendung von Werbe-Cookies<\/h4>\n\n\n\n<ul class=\"wp-block-list\">\n<li><strong>DART-Cookie<\/strong>: Google verwendet als Drittanbieter Cookies, um Anzeigen auf unserer Website zu schalten. Das DART-Cookie erm\u00f6glicht es, unseren Nutzern Anzeigen basierend auf ihrem Besuch auf <strong>job.xcreditinsurance.com<\/strong> und andere Websites im Internet.<\/li>\n\n\n\n<li><strong>Deaktivierung des DART-Cookies<\/strong>: Benutzer k\u00f6nnen die Verwendung des DART-Cookies ablehnen, indem sie die Datenschutzbestimmungen von Google Ads und Content Network unter <a>https:\/\/policies.google.com\/technologies\/ads<\/a>.<\/li>\n<\/ul>\n\n\n\n<h3 class=\"wp-block-heading\">5. Widerspruchsm\u00f6glichkeit<\/h3>\n\n\n\n<p>Sie haben mehrere M\u00f6glichkeiten, die Verwendung von Cookies und die Datenerfassung zu deaktivieren:<\/p>\n\n\n\n<ul class=\"wp-block-list\">\n<li><strong>Deaktivierung personalisierter Werbe-Cookies von Google AdSense<\/strong>: Besuchen Sie die <a href=\"https:\/\/adssettings.google.com\">Seite \u201eAnzeigeneinstellungen\u201c<\/a> um Ihre Anzeigeneinstellungen anzupassen oder personalisierte Werbung vollst\u00e4ndig abzulehnen.<\/li>\n\n\n\n<li><strong>Abmeldung von Drittanbieter-Cookies<\/strong>Die meisten Webbrowser erm\u00f6glichen es Ihnen, Cookies in Ihren Einstellungen zu blockieren oder zu l\u00f6schen. Wenn Sie jedoch wichtige Cookies blockieren, funktionieren einige Teile unserer Website m\u00f6glicherweise nicht richtig. Hier finden Sie Links zu den Cookie-Einstellungshinweisen der wichtigsten Browser:\n<ul class=\"wp-block-list\">\n<li><a>Google Chrome<\/a><\/li>\n\n\n\n<li><a href=\"https:\/\/support.mozilla.org\/en-US\/kb\/enable-and-disable-cookies-website-preferences\">Mozilla Firefox<\/a><\/li>\n\n\n\n<li><a href=\"https:\/\/support.microsoft.com\/en-us\/help\/4027947\/microsoft-edge-delete-cookies\">Microsoft Edge<\/a><\/li>\n<\/ul>\n<\/li>\n\n\n\n<li><strong>Abmeldung von Werbenetzwerken Dritter<\/strong>: Um die Datenerfassung von Werbenetzwerken Dritter zu deaktivieren, k\u00f6nnen Sie die folgenden Websites besuchen:\n<ul class=\"wp-block-list\">\n<li><a>Network Advertising Initiative (NAI)<\/a><\/li>\n\n\n\n<li><a>Digital Advertising Alliance (DAA)<\/a><\/li>\n\n\n\n<li><strong>Alternativ<\/strong>k\u00f6nnen Sie Benutzer zum Besuch anleiten <a href=\"https:\/\/www.aboutads.info\">www.aboutads.info<\/a> um personalisierte Werbe-Cookies von Drittanbietern abzulehnen.<\/li>\n<\/ul>\n<\/li>\n<\/ul>\n\n\n\n<h3 class=\"wp-block-heading\">6. Weitergabe von Informationen<\/h3>\n\n\n\n<p>Wir verkaufen, handeln oder \u00fcbermitteln Ihre personenbezogenen Daten nicht an Dritte, es sei denn, dies ist f\u00fcr den Betrieb der Website erforderlich, beispielsweise:<\/p>\n\n\n\n<ul class=\"wp-block-list\">\n<li><strong>Dienstanbieter<\/strong>: Wir k\u00f6nnen Informationen an vertrauensw\u00fcrdige Dienstanbieter weitergeben, die uns beim Betrieb der Website und der Bereitstellung von Diensten f\u00fcr unsere Benutzer unterst\u00fctzen.<\/li>\n\n\n\n<li><strong>Einhaltung gesetzlicher Vorschriften<\/strong>: Wir k\u00f6nnen personenbezogene Daten offenlegen, wenn wir der Ansicht sind, dass dies zur Einhaltung gesetzlicher Vorschriften oder zum Schutz unserer Rechte oder der Sicherheit anderer erforderlich ist.<\/li>\n<\/ul>\n\n\n\n<h3 class=\"wp-block-heading\">7. Datenschutz<\/h3>\n\n\n\n<p>Wir ergreifen angemessene Sicherheitsma\u00dfnahmen, um Ihre personenbezogenen Daten vor unbefugtem Zugriff, Ver\u00e4nderung, Weitergabe oder Zerst\u00f6rung zu sch\u00fctzen. Allerdings ist kein elektronisches \u00dcbertragungs- oder Speichersystem vollkommen sicher, und wir k\u00f6nnen die absolute Sicherheit Ihrer Daten nicht garantieren.<\/p>\n\n\n\n<h3 class=\"wp-block-heading\">8. Nutzerrechte<\/h3>\n\n\n\n<p>Wenn Sie in einem Land wohnen, in dem Datenschutzgesetze wie die DSGVO oder der CCPA gelten, haben Sie m\u00f6glicherweise die folgenden Rechte in Bezug auf Ihre personenbezogenen Daten:<\/p>\n\n\n\n<ul class=\"wp-block-list\">\n<li><strong>Zugriff auf Ihre Informationen<\/strong>: Sie k\u00f6nnen eine Kopie der personenbezogenen Daten anfordern, die wir \u00fcber Sie gespeichert haben.<\/li>\n\n\n\n<li><strong>Korrektur Ihrer Daten<\/strong>: Sie k\u00f6nnen Ihre pers\u00f6nlichen Daten korrigieren oder aktualisieren.<\/li>\n\n\n\n<li><strong>L\u00f6schung Ihrer Daten<\/strong>: Sie k\u00f6nnen die L\u00f6schung Ihrer personenbezogenen Daten verlangen.<\/li>\n\n\n\n<li><strong>Abmeldung von Mitteilungen<\/strong>: Sie k\u00f6nnen sich jederzeit von allen Marketing-E-Mails abmelden, die wir senden.<\/li>\n<\/ul>\n\n\n\n<p>Um diese Rechte auszu\u00fcben, kontaktieren Sie uns bitte \u00fcber die unten angegebenen Informationen.<\/p>\n\n\n\n<h3 class=\"wp-block-heading\">9. Links zu Drittanbietern<\/h3>\n\n\n\n<p>Unsere Website kann Links zu Websites Dritter enthalten. Wir sind nicht f\u00fcr den Datenschutz dieser Websites verantwortlich und empfehlen Ihnen, die Datenschutzrichtlinien aller von Ihnen besuchten externen Websites zu \u00fcberpr\u00fcfen.<\/p>\n\n\n\n<h3 class=\"wp-block-heading\">10. \u00c4nderungen dieser Richtlinie<\/h3>\n\n\n\n<p>Wir k\u00f6nnen diese Datenschutzrichtlinie regelm\u00e4\u00dfig aktualisieren, um \u00c4nderungen unserer Praktiken oder geltenden Gesetze zu ber\u00fccksichtigen. Alle \u00c4nderungen werden auf dieser Seite ver\u00f6ffentlicht. Das Aktualisierungsdatum wird unten angegeben.<\/p>\n\n\n\n<p><strong>Zuletzt aktualisiert<\/strong>: 09\/24\/2024<\/p>\n\n\n\n<h3 class=\"wp-block-heading\">11. Kontakt<\/h3>\n\n\n\n<p>Wenn Sie Fragen zu dieser Datenschutzrichtlinie oder zur Verwendung Ihrer Daten haben, kontaktieren Sie uns bitte unter:<\/p>\n\n\n\n<p><strong>E-Mail<\/strong>: contact@career.job2creit.com<\/p>\n\n\n\n<p><\/p>","protected":false},"excerpt":{"rendered":"<p>Your privacy is important to us. This Privacy Policy outlines how we collect, use, and protect your personal information when [&hellip;]<\/p>\n","protected":false},"author":1,"featured_media":0,"parent":0,"menu_order":0,"comment_status":"closed","ping_status":"open","template":"","meta":{"_uag_custom_page_level_css":"","site-sidebar-layout":"default","site-content-layout":"","ast-site-content-layout":"default","site-content-style":"default","site-sidebar-style":"default","ast-global-header-display":"","ast-banner-title-visibility":"","ast-main-header-display":"","ast-hfb-above-header-display":"","ast-hfb-below-header-display":"","ast-hfb-mobile-header-display":"","site-post-title":"","ast-breadcrumbs-content":"","ast-featured-img":"","footer-sml-layout":"","ast-disable-related-posts":"","theme-transparent-header-meta":"","adv-header-id-meta":"","stick-header-meta":"","header-above-stick-meta":"","header-main-stick-meta":"","header-below-stick-meta":"","astra-migrate-meta-layouts":"default","ast-page-background-enabled":"default","ast-page-background-meta":{"desktop":{"background-color":"var(--ast-global-color-4)","background-image":"","background-repeat":"repeat","background-position":"center center","background-size":"auto","background-attachment":"scroll","background-type":"","background-media":"","overlay-type":"","overlay-color":"","overlay-opacity":"","overlay-gradient":""},"tablet":{"background-color":"","background-image":"","background-repeat":"repeat","background-position":"center center","background-size":"auto","background-attachment":"scroll","background-type":"","background-media":"","overlay-type":"","overlay-color":"","overlay-opacity":"","overlay-gradient":""},"mobile":{"background-color":"","background-image":"","background-repeat":"repeat","background-position":"center center","background-size":"auto","background-attachment":"scroll","background-type":"","background-media":"","overlay-type":"","overlay-color":"","overlay-opacity":"","overlay-gradient":""}},"ast-content-background-meta":{"desktop":{"background-color":"var(--ast-global-color-5)","background-image":"","background-repeat":"repeat","background-position":"center center","background-size":"auto","background-attachment":"scroll","background-type":"","background-media":"","overlay-type":"","overlay-color":"","overlay-opacity":"","overlay-gradient":""},"tablet":{"background-color":"var(--ast-global-color-5)","background-image":"","background-repeat":"repeat","background-position":"center center","background-size":"auto","background-attachment":"scroll","background-type":"","background-media":"","overlay-type":"","overlay-color":"","overlay-opacity":"","overlay-gradient":""},"mobile":{"background-color":"var(--ast-global-color-5)","background-image":"","background-repeat":"repeat","background-position":"center center","background-size":"auto","background-attachment":"scroll","background-type":"","background-media":"","overlay-type":"","overlay-color":"","overlay-opacity":"","overlay-gradient":""}},"footnotes":""},"class_list":["post-3","page","type-page","status-publish","hentry"],"uagb_featured_image_src":{"full":false,"thumbnail":false,"medium":false,"medium_large":false,"large":false,"1536x1536":false,"2048x2048":false,"trp-custom-language-flag":false},"uagb_author_info":{"display_name":"Career.job2credit","author_link":"https:\/\/www.job.xcreditinsurance.com\/de\/author\/career-job2credit\/"},"uagb_comment_info":0,"uagb_excerpt":"Your privacy is important to us. This Privacy Policy outlines how we collect, use, and protect your personal information when [&hellip;]","_links":{"self":[{"href":"https:\/\/www.job.xcreditinsurance.com\/de\/wp-json\/wp\/v2\/pages\/3","targetHints":{"allow":["GET"]}}],"collection":[{"href":"https:\/\/www.job.xcreditinsurance.com\/de\/wp-json\/wp\/v2\/pages"}],"about":[{"href":"https:\/\/www.job.xcreditinsurance.com\/de\/wp-json\/wp\/v2\/types\/page"}],"author":[{"embeddable":true,"href":"https:\/\/www.job.xcreditinsurance.com\/de\/wp-json\/wp\/v2\/users\/1"}],"replies":[{"embeddable":true,"href":"https:\/\/www.job.xcreditinsurance.com\/de\/wp-json\/wp\/v2\/comments?post=3"}],"version-history":[{"count":3,"href":"https:\/\/www.job.xcreditinsurance.com\/de\/wp-json\/wp\/v2\/pages\/3\/revisions"}],"predecessor-version":[{"id":36,"href":"https:\/\/www.job.xcreditinsurance.com\/de\/wp-json\/wp\/v2\/pages\/3\/revisions\/36"}],"wp:attachment":[{"href":"https:\/\/www.job.xcreditinsurance.com\/de\/wp-json\/wp\/v2\/media?parent=3"}],"curies":[{"name":"wp","href":"https:\/\/api.w.org\/{rel}","templated":true}]}}