{"id":40,"date":"2024-11-13T21:07:31","date_gmt":"2024-11-13T21:07:31","guid":{"rendered":"https:\/\/www.job.xcreditinsurance.com\/?page_id=40"},"modified":"2025-03-20T17:23:29","modified_gmt":"2025-03-20T17:23:29","slug":"home","status":"publish","type":"page","link":"https:\/\/www.job.xcreditinsurance.com\/de\/","title":{"rendered":"Heim"},"content":{"rendered":"<div class=\"wp-block-uagb-container uagb-block-d6c5171d alignfull uagb-is-root-container\"><div class=\"uagb-container-inner-blocks-wrap\"><\/div><\/div>\n\n\n\n<div class=\"wp-block-uagb-container uagb-block-b2805b05 alignfull uagb-is-root-container\"><div class=\"uagb-container-inner-blocks-wrap\">\n\t\t\t<div class=\"wp-block-uagb-post-grid uagb-post-grid  uagb-post__image-position-top uagb-post__image-enabled uagb-block-c83d5cde     uagb-post__items uagb-post__columns-3 is-grid uagb-post__columns-tablet-2 uagb-post__columns-mobile-1 uagb-post__equal-height\" data-total=\"7\" style=\"\">\n\n\t\t\t\t\t\t\t\t\t\t\t\t<article class=\"uagb-post__inner-wrap\">\t\t\t\t\t\t\t\t<div class='uagb-post__image'>\n\t\t\t\t\t\t\t\t\t<a href=\"https:\/\/www.job.xcreditinsurance.com\/de\/top-part-time-jobs-in-2025\/\" target=\"_self\" rel=\"bookmark noopener noreferrer\" class='uagb-image-ratio-inherit'><img loading=\"lazy\" decoding=\"async\" width=\"1024\" height=\"576\" src=\"https:\/\/www.job.xcreditinsurance.com\/wp-content\/uploads\/2025\/04\/unnamed-file-570-1024x576.jpg\" class=\"attachment-large size-large\" alt=\"Top part-time jobs in 2025 that pay well and fit your schedule\" srcset=\"https:\/\/www.job.xcreditinsurance.com\/wp-content\/uploads\/2025\/04\/unnamed-file-570-1024x576.jpg 1024w, https:\/\/www.job.xcreditinsurance.com\/wp-content\/uploads\/2025\/04\/unnamed-file-570-300x169.jpg 300w, https:\/\/www.job.xcreditinsurance.com\/wp-content\/uploads\/2025\/04\/unnamed-file-570-768x432.jpg 768w, https:\/\/www.job.xcreditinsurance.com\/wp-content\/uploads\/2025\/04\/unnamed-file-570-18x10.jpg 18w, https:\/\/www.job.xcreditinsurance.com\/wp-content\/uploads\/2025\/04\/unnamed-file-570.jpg 1120w\" sizes=\"auto, (max-width: 1024px) 100vw, 1024px\" \/>\t\t\t\t\t<\/a>\n\t\t\t\t\t\t\t<\/div>\n\t\t\t\t\t\t<h4 class=\"uagb-post__title uagb-post__text\">\n\t\t\t\t<a href=\"https:\/\/www.job.xcreditinsurance.com\/de\/top-part-time-jobs-in-2025\/\" target=\"_self\" rel=\"bookmark noopener noreferrer\">Top-Teilzeitjobs im Jahr 2025, die gut bezahlt sind und zu Ihrem Zeitplan passen<\/a>\n\t\t\t<\/h4>\n\t\t\t\t\t\t<div class='uagb-post__text uagb-post-grid-byline'>\n\t\t\t\t\t\t\t\t<time datetime=\"2025-04-14T17:10:46+00:00\" class=\"uagb-post__date\">\n\t\t\t\t<span class=\"dashicons-calendar dashicons\"><\/span>\t\t\t\t\t14. April 2025\t\t\t\t<\/time>\n\t\t\t\t\t\t\t<span class=\"uagb-post__comment\">\n\t\t\t\t<span class=\"dashicons-admin-comments dashicons\"><\/span>\t\t\t\t\tKeine Kommentare\t\t\t\t<\/span>\n\t\t\t\t\t\t<\/div>\n\t\t\t\t\t\t\t<div class='uagb-post__text uagb-post__excerpt'>\n\t\t\t\t\tTop-Teilzeitjobs k\u00f6nnen Ihr Einkommen steigern und Ihrem Lebensstil Flexibilit\u00e4t verleihen. Entdecken Sie Ihre\u2026\t\t\t\t<\/div>\n\t\t\t\t\t\t<div class=\"uagb-post__text uagb-post__cta wp-block-button\">\n\t\t\t\t<a class=\"wp-block-button__link uagb-text-link\" style=\"\" href=\"https:\/\/www.job.xcreditinsurance.com\/de\/top-part-time-jobs-in-2025\/\" target=\"_self\" rel=\"bookmark noopener noreferrer\">Weiterlesen<\/a>\n\t\t\t<\/div>\n\t\t\t\n\t\t\t\t\t\t\t\t\t<\/article>\n\t\t\t\t\t\t\t\t\t\t\t\t\t\t\t\t<article class=\"uagb-post__inner-wrap\">\t\t\t\t\t\t\t\t<div class='uagb-post__image'>\n\t\t\t\t\t\t\t\t\t<a href=\"https:\/\/www.job.xcreditinsurance.com\/de\/guide-to-prepare-for-your-job-interview\/\" target=\"_self\" rel=\"bookmark noopener noreferrer\" class='uagb-image-ratio-inherit'><img loading=\"lazy\" decoding=\"async\" width=\"1024\" height=\"576\" src=\"https:\/\/www.job.xcreditinsurance.com\/wp-content\/uploads\/2025\/04\/unnamed-file-572-1024x576.jpg\" class=\"attachment-large size-large\" alt=\"Step-by-step guide to prepare for your job interview\" srcset=\"https:\/\/www.job.xcreditinsurance.com\/wp-content\/uploads\/2025\/04\/unnamed-file-572-1024x576.jpg 1024w, https:\/\/www.job.xcreditinsurance.com\/wp-content\/uploads\/2025\/04\/unnamed-file-572-300x169.jpg 300w, https:\/\/www.job.xcreditinsurance.com\/wp-content\/uploads\/2025\/04\/unnamed-file-572-768x432.jpg 768w, https:\/\/www.job.xcreditinsurance.com\/wp-content\/uploads\/2025\/04\/unnamed-file-572-18x10.jpg 18w, https:\/\/www.job.xcreditinsurance.com\/wp-content\/uploads\/2025\/04\/unnamed-file-572.jpg 1120w\" sizes=\"auto, (max-width: 1024px) 100vw, 1024px\" \/>\t\t\t\t\t<\/a>\n\t\t\t\t\t\t\t<\/div>\n\t\t\t\t\t\t<h4 class=\"uagb-post__title uagb-post__text\">\n\t\t\t\t<a href=\"https:\/\/www.job.xcreditinsurance.com\/de\/guide-to-prepare-for-your-job-interview\/\" target=\"_self\" rel=\"bookmark noopener noreferrer\">Schritt-f\u00fcr-Schritt-Anleitung zur Vorbereitung auf Ihr Vorstellungsgespr\u00e4ch<\/a>\n\t\t\t<\/h4>\n\t\t\t\t\t\t<div class='uagb-post__text uagb-post-grid-byline'>\n\t\t\t\t\t\t\t\t<time datetime=\"2025-04-14T17:07:25+00:00\" class=\"uagb-post__date\">\n\t\t\t\t<span class=\"dashicons-calendar dashicons\"><\/span>\t\t\t\t\t14. April 2025\t\t\t\t<\/time>\n\t\t\t\t\t\t\t<span class=\"uagb-post__comment\">\n\t\t\t\t<span class=\"dashicons-admin-comments dashicons\"><\/span>\t\t\t\t\tKeine Kommentare\t\t\t\t<\/span>\n\t\t\t\t\t\t<\/div>\n\t\t\t\t\t\t\t<div class='uagb-post__text uagb-post__excerpt'>\n\t\t\t\t\tBereiten Sie sich clever auf Ihr Vorstellungsgespr\u00e4ch vor \u2013 mit unserem ultimativen Leitfaden, der Sie \u2026\t\t\t\t<\/div>\n\t\t\t\t\t\t<div class=\"uagb-post__text uagb-post__cta wp-block-button\">\n\t\t\t\t<a class=\"wp-block-button__link uagb-text-link\" style=\"\" href=\"https:\/\/www.job.xcreditinsurance.com\/de\/guide-to-prepare-for-your-job-interview\/\" target=\"_self\" rel=\"bookmark noopener noreferrer\">Weiterlesen<\/a>\n\t\t\t<\/div>\n\t\t\t\n\t\t\t\t\t\t\t\t\t<\/article>\n\t\t\t\t\t\t\t\t\t\t\t\t\t\t\t\t<article class=\"uagb-post__inner-wrap\">\t\t\t\t\t\t\t\t<div class='uagb-post__image'>\n\t\t\t\t\t\t\t\t\t<a href=\"https:\/\/www.job.xcreditinsurance.com\/de\/jobs-with-free-training\/\" target=\"_self\" rel=\"bookmark noopener noreferrer\" class='uagb-image-ratio-inherit'><img loading=\"lazy\" decoding=\"async\" width=\"1024\" height=\"576\" src=\"https:\/\/www.job.xcreditinsurance.com\/wp-content\/uploads\/2025\/04\/Jobs-with-free-training-and-real-growth-opportunities.jpg\" class=\"attachment-large size-large\" alt=\"Jobs with free training and real growth opportunities\" srcset=\"https:\/\/www.job.xcreditinsurance.com\/wp-content\/uploads\/2025\/04\/Jobs-with-free-training-and-real-growth-opportunities.jpg 1024w, https:\/\/www.job.xcreditinsurance.com\/wp-content\/uploads\/2025\/04\/Jobs-with-free-training-and-real-growth-opportunities-300x169.jpg 300w, https:\/\/www.job.xcreditinsurance.com\/wp-content\/uploads\/2025\/04\/Jobs-with-free-training-and-real-growth-opportunities-768x432.jpg 768w, https:\/\/www.job.xcreditinsurance.com\/wp-content\/uploads\/2025\/04\/Jobs-with-free-training-and-real-growth-opportunities-18x10.jpg 18w\" sizes=\"auto, (max-width: 1024px) 100vw, 1024px\" \/>\t\t\t\t\t<\/a>\n\t\t\t\t\t\t\t<\/div>\n\t\t\t\t\t\t<h4 class=\"uagb-post__title uagb-post__text\">\n\t\t\t\t<a href=\"https:\/\/www.job.xcreditinsurance.com\/de\/jobs-with-free-training\/\" target=\"_self\" rel=\"bookmark noopener noreferrer\">Jobs mit kostenloser Schulung und echten Aufstiegschancen<\/a>\n\t\t\t<\/h4>\n\t\t\t\t\t\t<div class='uagb-post__text uagb-post-grid-byline'>\n\t\t\t\t\t\t\t\t<time datetime=\"2025-04-14T16:44:02+00:00\" class=\"uagb-post__date\">\n\t\t\t\t<span class=\"dashicons-calendar dashicons\"><\/span>\t\t\t\t\t14. April 2025\t\t\t\t<\/time>\n\t\t\t\t\t\t\t<span class=\"uagb-post__comment\">\n\t\t\t\t<span class=\"dashicons-admin-comments dashicons\"><\/span>\t\t\t\t\tKeine Kommentare\t\t\t\t<\/span>\n\t\t\t\t\t\t<\/div>\n\t\t\t\t\t\t\t<div class='uagb-post__text uagb-post__excerpt'>\n\t\t\t\t\tJobs mit kostenloser Ausbildung erm\u00f6glichen Ihnen den Aufbau einer lohnenden Karriere ohne Vorlaufkosten. Entdecken Sie\u2026\t\t\t\t<\/div>\n\t\t\t\t\t\t<div class=\"uagb-post__text uagb-post__cta wp-block-button\">\n\t\t\t\t<a class=\"wp-block-button__link uagb-text-link\" style=\"\" href=\"https:\/\/www.job.xcreditinsurance.com\/de\/jobs-with-free-training\/\" target=\"_self\" rel=\"bookmark noopener noreferrer\">Weiterlesen<\/a>\n\t\t\t<\/div>\n\t\t\t\n\t\t\t\t\t\t\t\t\t<\/article>\n\t\t\t\t\t\t\t\t\t\t\t\t\t\t\t\t<article class=\"uagb-post__inner-wrap\">\t\t\t\t\t\t\t\t<div class='uagb-post__image'>\n\t\t\t\t\t\t\t\t\t<a href=\"https:\/\/www.job.xcreditinsurance.com\/de\/how-to-land-a-job-anyway\/\" target=\"_self\" rel=\"bookmark noopener noreferrer\" class='uagb-image-ratio-inherit'><img loading=\"lazy\" decoding=\"async\" width=\"1024\" height=\"576\" src=\"https:\/\/www.job.xcreditinsurance.com\/wp-content\/uploads\/2025\/04\/unnamed-file-588-1024x576.jpg\" class=\"attachment-large size-large\" alt=\"No experience? No problem. Here&#039;s how to land a job anyway\" srcset=\"https:\/\/www.job.xcreditinsurance.com\/wp-content\/uploads\/2025\/04\/unnamed-file-588-1024x576.jpg 1024w, https:\/\/www.job.xcreditinsurance.com\/wp-content\/uploads\/2025\/04\/unnamed-file-588-300x169.jpg 300w, https:\/\/www.job.xcreditinsurance.com\/wp-content\/uploads\/2025\/04\/unnamed-file-588-768x432.jpg 768w, https:\/\/www.job.xcreditinsurance.com\/wp-content\/uploads\/2025\/04\/unnamed-file-588-18x10.jpg 18w, https:\/\/www.job.xcreditinsurance.com\/wp-content\/uploads\/2025\/04\/unnamed-file-588.jpg 1120w\" sizes=\"auto, (max-width: 1024px) 100vw, 1024px\" \/>\t\t\t\t\t<\/a>\n\t\t\t\t\t\t\t<\/div>\n\t\t\t\t\t\t<h4 class=\"uagb-post__title uagb-post__text\">\n\t\t\t\t<a href=\"https:\/\/www.job.xcreditinsurance.com\/de\/how-to-land-a-job-anyway\/\" target=\"_self\" rel=\"bookmark noopener noreferrer\">Keine Erfahrung? Kein Problem. So finden Sie trotzdem einen Job<\/a>\n\t\t\t<\/h4>\n\t\t\t\t\t\t<div class='uagb-post__text uagb-post-grid-byline'>\n\t\t\t\t\t\t\t\t<time datetime=\"2025-04-14T16:41:19+00:00\" class=\"uagb-post__date\">\n\t\t\t\t<span class=\"dashicons-calendar dashicons\"><\/span>\t\t\t\t\t14. April 2025\t\t\t\t<\/time>\n\t\t\t\t\t\t\t<span class=\"uagb-post__comment\">\n\t\t\t\t<span class=\"dashicons-admin-comments dashicons\"><\/span>\t\t\t\t\tKeine Kommentare\t\t\t\t<\/span>\n\t\t\t\t\t\t<\/div>\n\t\t\t\t\t\t\t<div class='uagb-post__text uagb-post__excerpt'>\n\t\t\t\t\tWie Sie trotzdem einen Job bekommen \u2013 es mag schwierig erscheinen, aber diese bew\u00e4hrten Strategien k\u00f6nnen helfen \u2026\t\t\t\t<\/div>\n\t\t\t\t\t\t<div class=\"uagb-post__text uagb-post__cta wp-block-button\">\n\t\t\t\t<a class=\"wp-block-button__link uagb-text-link\" style=\"\" href=\"https:\/\/www.job.xcreditinsurance.com\/de\/how-to-land-a-job-anyway\/\" target=\"_self\" rel=\"bookmark noopener noreferrer\">Weiterlesen<\/a>\n\t\t\t<\/div>\n\t\t\t\n\t\t\t\t\t\t\t\t\t<\/article>\n\t\t\t\t\t\t\t\t\t\t\t\t\t\t\t\t<article class=\"uagb-post__inner-wrap\">\t\t\t\t\t\t\t\t<div class='uagb-post__image'>\n\t\t\t\t\t\t\t\t\t<a href=\"https:\/\/www.job.xcreditinsurance.com\/de\/top-us-companies-hiring-immigrants\/\" target=\"_self\" rel=\"bookmark noopener noreferrer\" class='uagb-image-ratio-inherit'><img loading=\"lazy\" decoding=\"async\" width=\"1024\" height=\"576\" src=\"https:\/\/www.job.xcreditinsurance.com\/wp-content\/uploads\/2025\/04\/Top-U.S.-companies-hiring-immigrants-in-2025-with-application-tips.jpg\" class=\"attachment-large size-large\" alt=\"Top U.S. companies hiring immigrants in 2025 (with application tips)\" srcset=\"https:\/\/www.job.xcreditinsurance.com\/wp-content\/uploads\/2025\/04\/Top-U.S.-companies-hiring-immigrants-in-2025-with-application-tips.jpg 1024w, https:\/\/www.job.xcreditinsurance.com\/wp-content\/uploads\/2025\/04\/Top-U.S.-companies-hiring-immigrants-in-2025-with-application-tips-300x169.jpg 300w, https:\/\/www.job.xcreditinsurance.com\/wp-content\/uploads\/2025\/04\/Top-U.S.-companies-hiring-immigrants-in-2025-with-application-tips-768x432.jpg 768w, https:\/\/www.job.xcreditinsurance.com\/wp-content\/uploads\/2025\/04\/Top-U.S.-companies-hiring-immigrants-in-2025-with-application-tips-18x10.jpg 18w\" sizes=\"auto, (max-width: 1024px) 100vw, 1024px\" \/>\t\t\t\t\t<\/a>\n\t\t\t\t\t\t\t<\/div>\n\t\t\t\t\t\t<h4 class=\"uagb-post__title uagb-post__text\">\n\t\t\t\t<a href=\"https:\/\/www.job.xcreditinsurance.com\/de\/top-us-companies-hiring-immigrants\/\" target=\"_self\" rel=\"bookmark noopener noreferrer\">Top-Unternehmen in den USA, die 2025 Einwanderer einstellen (mit Bewerbungstipps)<\/a>\n\t\t\t<\/h4>\n\t\t\t\t\t\t<div class='uagb-post__text uagb-post-grid-byline'>\n\t\t\t\t\t\t\t\t<time datetime=\"2025-04-14T15:04:47+00:00\" class=\"uagb-post__date\">\n\t\t\t\t<span class=\"dashicons-calendar dashicons\"><\/span>\t\t\t\t\t14. April 2025\t\t\t\t<\/time>\n\t\t\t\t\t\t\t<span class=\"uagb-post__comment\">\n\t\t\t\t<span class=\"dashicons-admin-comments dashicons\"><\/span>\t\t\t\t\tKeine Kommentare\t\t\t\t<\/span>\n\t\t\t\t\t\t<\/div>\n\t\t\t\t\t\t\t<div class='uagb-post__text uagb-post__excerpt'>\n\t\t\t\t\tUnternehmen, die Einwanderer einstellen, bieten einzigartige M\u00f6glichkeiten, ein neues Leben und eine neue Karriere aufzubauen. Entdecken Sie, wie\u2026\t\t\t\t<\/div>\n\t\t\t\t\t\t<div class=\"uagb-post__text uagb-post__cta wp-block-button\">\n\t\t\t\t<a class=\"wp-block-button__link uagb-text-link\" style=\"\" href=\"https:\/\/www.job.xcreditinsurance.com\/de\/top-us-companies-hiring-immigrants\/\" target=\"_self\" rel=\"bookmark noopener noreferrer\">Weiterlesen<\/a>\n\t\t\t<\/div>\n\t\t\t\n\t\t\t\t\t\t\t\t\t<\/article>\n\t\t\t\t\t\t\t\t\t\t\t\t\t\t\t\t<article class=\"uagb-post__inner-wrap\">\t\t\t\t\t\t\t\t<div class='uagb-post__image'>\n\t\t\t\t\t\t\t\t\t<a href=\"https:\/\/www.job.xcreditinsurance.com\/de\/top-jobs-for-immigrants-in-2025\/\" target=\"_self\" rel=\"bookmark noopener noreferrer\" class='uagb-image-ratio-inherit'><img loading=\"lazy\" decoding=\"async\" width=\"1024\" height=\"576\" src=\"https:\/\/www.job.xcreditinsurance.com\/wp-content\/uploads\/2025\/04\/unnamed-file-601-1024x576.jpg\" class=\"attachment-large size-large\" alt=\"Top jobs for immigrants in 2025 with great benefits\" srcset=\"https:\/\/www.job.xcreditinsurance.com\/wp-content\/uploads\/2025\/04\/unnamed-file-601-1024x576.jpg 1024w, https:\/\/www.job.xcreditinsurance.com\/wp-content\/uploads\/2025\/04\/unnamed-file-601-300x169.jpg 300w, https:\/\/www.job.xcreditinsurance.com\/wp-content\/uploads\/2025\/04\/unnamed-file-601-768x432.jpg 768w, https:\/\/www.job.xcreditinsurance.com\/wp-content\/uploads\/2025\/04\/unnamed-file-601-18x10.jpg 18w, https:\/\/www.job.xcreditinsurance.com\/wp-content\/uploads\/2025\/04\/unnamed-file-601.jpg 1120w\" sizes=\"auto, (max-width: 1024px) 100vw, 1024px\" \/>\t\t\t\t\t<\/a>\n\t\t\t\t\t\t\t<\/div>\n\t\t\t\t\t\t<h4 class=\"uagb-post__title uagb-post__text\">\n\t\t\t\t<a href=\"https:\/\/www.job.xcreditinsurance.com\/de\/top-jobs-for-immigrants-in-2025\/\" target=\"_self\" rel=\"bookmark noopener noreferrer\">Top-Jobs f\u00fcr Einwanderer im Jahr 2025 mit tollen Vorteilen<\/a>\n\t\t\t<\/h4>\n\t\t\t\t\t\t<div class='uagb-post__text uagb-post-grid-byline'>\n\t\t\t\t\t\t\t\t<time datetime=\"2025-04-14T15:00:43+00:00\" class=\"uagb-post__date\">\n\t\t\t\t<span class=\"dashicons-calendar dashicons\"><\/span>\t\t\t\t\t14. April 2025\t\t\t\t<\/time>\n\t\t\t\t\t\t\t<span class=\"uagb-post__comment\">\n\t\t\t\t<span class=\"dashicons-admin-comments dashicons\"><\/span>\t\t\t\t\tKeine Kommentare\t\t\t\t<\/span>\n\t\t\t\t\t\t<\/div>\n\t\t\t\t\t\t\t<div class='uagb-post__text uagb-post__excerpt'>\n\t\t\t\t\tIm Jahr 2025 gibt es f\u00fcr Einwanderer zahlreiche Arbeitspl\u00e4tze, doch Herausforderungen bleiben bestehen. Entdecken Sie die vielf\u00e4ltigen M\u00f6glichkeiten\u2026\t\t\t\t<\/div>\n\t\t\t\t\t\t<div class=\"uagb-post__text uagb-post__cta wp-block-button\">\n\t\t\t\t<a class=\"wp-block-button__link uagb-text-link\" style=\"\" href=\"https:\/\/www.job.xcreditinsurance.com\/de\/top-jobs-for-immigrants-in-2025\/\" target=\"_self\" rel=\"bookmark noopener noreferrer\">Weiterlesen<\/a>\n\t\t\t<\/div>\n\t\t\t\n\t\t\t\t\t\t\t\t\t<\/article>\n\t\t\t\t\t\t\t\t\t\t\t<\/div>\n\t\t\t<\/div><\/div>\n\n\n\n<div class=\"wp-block-uagb-container uagb-block-66fe83da alignfull uagb-is-root-container\"><div class=\"uagb-container-inner-blocks-wrap\">\n<div class=\"wp-block-uagb-container uagb-block-0eaab059\"><\/div>\n\n\n\n<div class=\"wp-block-uagb-container uagb-block-226b99e5\"><\/div>\n\n\n\n<div class=\"wp-block-uagb-container uagb-block-07925dc6\"><\/div>\n<\/div><\/div>\n\n\n\n<p><\/p>","protected":false},"excerpt":{"rendered":"","protected":false},"author":1,"featured_media":0,"parent":0,"menu_order":0,"comment_status":"closed","ping_status":"closed","template":"","meta":{"_uag_custom_page_level_css":"","site-sidebar-layout":"default","site-content-layout":"","ast-site-content-layout":"","site-content-style":"default","site-sidebar-style":"default","ast-global-header-display":"","ast-banner-title-visibility":"","ast-main-header-display":"","ast-hfb-above-header-display":"","ast-hfb-below-header-display":"","ast-hfb-mobile-header-display":"","site-post-title":"disabled","ast-breadcrumbs-content":"","ast-featured-img":"","footer-sml-layout":"","ast-disable-related-posts":"","theme-transparent-header-meta":"","adv-header-id-meta":"","stick-header-meta":"","header-above-stick-meta":"","header-main-stick-meta":"","header-below-stick-meta":"","astra-migrate-meta-layouts":"default","ast-page-background-enabled":"default","ast-page-background-meta":{"desktop":{"background-color":"var(--ast-global-color-4)","background-image":"","background-repeat":"repeat","background-position":"center center","background-size":"auto","background-attachment":"scroll","background-type":"","background-media":"","overlay-type":"","overlay-color":"","overlay-opacity":"","overlay-gradient":""},"tablet":{"background-color":"","background-image":"","background-repeat":"repeat","background-position":"center center","background-size":"auto","background-attachment":"scroll","background-type":"","background-media":"","overlay-type":"","overlay-color":"","overlay-opacity":"","overlay-gradient":""},"mobile":{"background-color":"","background-image":"","background-repeat":"repeat","background-position":"center center","background-size":"auto","background-attachment":"scroll","background-type":"","background-media":"","overlay-type":"","overlay-color":"","overlay-opacity":"","overlay-gradient":""}},"ast-content-background-meta":{"desktop":{"background-color":"var(--ast-global-color-5)","background-image":"","background-repeat":"repeat","background-position":"center center","background-size":"auto","background-attachment":"scroll","background-type":"","background-media":"","overlay-type":"","overlay-color":"","overlay-opacity":"","overlay-gradient":""},"tablet":{"background-color":"var(--ast-global-color-5)","background-image":"","background-repeat":"repeat","background-position":"center center","background-size":"auto","background-attachment":"scroll","background-type":"","background-media":"","overlay-type":"","overlay-color":"","overlay-opacity":"","overlay-gradient":""},"mobile":{"background-color":"var(--ast-global-color-5)","background-image":"","background-repeat":"repeat","background-position":"center center","background-size":"auto","background-attachment":"scroll","background-type":"","background-media":"","overlay-type":"","overlay-color":"","overlay-opacity":"","overlay-gradient":""}},"footnotes":""},"class_list":["post-40","page","type-page","status-publish","hentry"],"uagb_featured_image_src":{"full":false,"thumbnail":false,"medium":false,"medium_large":false,"large":false,"1536x1536":false,"2048x2048":false,"trp-custom-language-flag":false},"uagb_author_info":{"display_name":"Career.job2credit","author_link":"https:\/\/www.job.xcreditinsurance.com\/de\/author\/career-job2credit\/"},"uagb_comment_info":0,"uagb_excerpt":null,"_links":{"self":[{"href":"https:\/\/www.job.xcreditinsurance.com\/de\/wp-json\/wp\/v2\/pages\/40","targetHints":{"allow":["GET"]}}],"collection":[{"href":"https:\/\/www.job.xcreditinsurance.com\/de\/wp-json\/wp\/v2\/pages"}],"about":[{"href":"https:\/\/www.job.xcreditinsurance.com\/de\/wp-json\/wp\/v2\/types\/page"}],"author":[{"embeddable":true,"href":"https:\/\/www.job.xcreditinsurance.com\/de\/wp-json\/wp\/v2\/users\/1"}],"replies":[{"embeddable":true,"href":"https:\/\/www.job.xcreditinsurance.com\/de\/wp-json\/wp\/v2\/comments?post=40"}],"version-history":[{"count":3,"href":"https:\/\/www.job.xcreditinsurance.com\/de\/wp-json\/wp\/v2\/pages\/40\/revisions"}],"predecessor-version":[{"id":53,"href":"https:\/\/www.job.xcreditinsurance.com\/de\/wp-json\/wp\/v2\/pages\/40\/revisions\/53"}],"wp:attachment":[{"href":"https:\/\/www.job.xcreditinsurance.com\/de\/wp-json\/wp\/v2\/media?parent=40"}],"curies":[{"name":"wp","href":"https:\/\/api.w.org\/{rel}","templated":true}]}}