{"id":15,"date":"2024-09-24T15:41:52","date_gmt":"2024-09-24T15:41:52","guid":{"rendered":"http:\/\/www.job.xcreditinsurance.com\/?page_id=15"},"modified":"2025-03-20T17:23:28","modified_gmt":"2025-03-20T17:23:28","slug":"disclaimer","status":"publish","type":"page","link":"https:\/\/www.job.xcreditinsurance.com\/es\/disclaimer\/","title":{"rendered":"Descargo de responsabilidad"},"content":{"rendered":"<p>La informaci\u00f3n proporcionada en <strong>trabajo.xcreditinsurance.com<\/strong> Esta informaci\u00f3n es solo para fines informativos generales. Toda la informaci\u00f3n del sitio web se proporciona de buena fe; sin embargo, no ofrecemos ninguna garant\u00eda, expresa o impl\u00edcita, sobre la exactitud, idoneidad, validez, fiabilidad, disponibilidad o integridad de la informaci\u00f3n del sitio.<\/p>\n\n\n\n<h3 class=\"wp-block-heading\">1. Sin asesoramiento profesional<\/h3>\n\n\n\n<p>El contenido de <strong>trabajo.xcreditinsurance.com<\/strong> Este sitio web tiene fines meramente informativos y no constituye asesoramiento profesional. Si bien nuestro objetivo es proporcionar informaci\u00f3n precisa y actualizada, el contenido de este sitio web no debe utilizarse como sustituto de asesoramiento profesional, financiero, legal o de otro tipo.<\/p>\n\n\n\n<p>Se recomienda consultar con un profesional en el campo pertinente antes de tomar cualquier medida basada en la informaci\u00f3n proporcionada en este sitio. No nos responsabilizamos de ninguna decisi\u00f3n o acci\u00f3n tomada bas\u00e1ndose en la informaci\u00f3n de este sitio web.<\/p>\n\n\n\n<h3 class=\"wp-block-heading\">2. Descargo de responsabilidad sobre enlaces externos<\/h3>\n\n\n\n<p><strong>trabajo.xcreditinsurance.com<\/strong> Puede contener enlaces a sitios web o contenido de terceros. Estos enlaces externos se proporcionan \u00fanicamente con fines informativos y de conveniencia, y no respaldamos ni asumimos responsabilidad alguna por el contenido, la exactitud ni la disponibilidad de ning\u00fan sitio externo enlazado desde nuestro sitio web.<\/p>\n\n\n\n<p>No tenemos control sobre la naturaleza, el contenido ni la disponibilidad de dichos sitios. La inclusi\u00f3n de enlaces no implica necesariamente una recomendaci\u00f3n ni un respaldo de las opiniones expresadas en ellos. La confianza que deposite en dichos enlaces externos es bajo su propio riesgo.<\/p>\n\n\n\n<h3 class=\"wp-block-heading\">3. Aviso legal sobre publicidad y afiliados<\/h3>\n\n\n\n<p>Podemos participar en marketing de afiliaci\u00f3n, lo que significa que podemos ganar una comisi\u00f3n si hace clic en ciertos enlaces de nuestro sitio web o realiza una compra a trav\u00e9s de ellos. Estas colaboraciones de afiliaci\u00f3n no influyen en el contenido ni en los temas tratados en <strong>trabajo.xcreditinsurance.com<\/strong>.<\/p>\n\n\n\n<p>Tambi\u00e9n utilizamos publicidad de terceros, como Google AdSense, que puede mostrar anuncios personalizados seg\u00fan su comportamiento de navegaci\u00f3n. No controlamos estos anuncios y declinamos toda responsabilidad por su contenido o exactitud.<\/p>\n\n\n\n<h3 class=\"wp-block-heading\">4. Descargo de responsabilidad sobre testimonios<\/h3>\n\n\n\n<p>\u00bfAlg\u00fan testimonio, estudio de caso o rese\u00f1a que aparezca en <strong>trabajo.xcreditinsurance.com<\/strong> Reflejan las experiencias y opiniones personales de los participantes. No garantizan resultados o experiencias similares para otros usuarios. Los resultados pueden variar y se basan en numerosos factores, como las habilidades, circunstancias y esfuerzos individuales.<\/p>\n\n\n\n<h3 class=\"wp-block-heading\">5. Limitaci\u00f3n de responsabilidad<\/h3>\n\n\n\n<p>En ning\u00fan caso se podr\u00e1 <strong>trabajo.xcreditinsurance.com<\/strong>, sus propietarios, empleados o afiliados ser\u00e1n responsables ante usted o cualquier tercero por cualquier da\u00f1o, incluidos, entre otros, da\u00f1os directos, indirectos, incidentales, consecuentes o punitivos que surjan de su uso del sitio web, confianza en su contenido o incapacidad para acceder al sitio.<\/p>\n\n\n\n<p>Esto incluye cualquier p\u00e9rdida o da\u00f1o que surja de virus, malware u otros componentes da\u00f1inos que puedan infectar su computadora u otros dispositivos como resultado de su uso del sitio web o de cualquier sitio web vinculado.<\/p>\n\n\n\n<h3 class=\"wp-block-heading\">6. Sin garant\u00edas<\/h3>\n\n\n\n<p>El sitio web y su contenido se proporcionan &quot;tal cual&quot; y &quot;seg\u00fan disponibilidad&quot;, sin garant\u00edas, expresas ni impl\u00edcitas. No ofrecemos garant\u00edas sobre la disponibilidad, funcionalidad ni contenido del sitio web. Renunciamos a cualquier garant\u00eda de comerciabilidad, idoneidad para un fin espec\u00edfico o no infracci\u00f3n en la m\u00e1xima medida permitida por la ley.<\/p>\n\n\n\n<h3 class=\"wp-block-heading\">7. Cambios en el descargo de responsabilidad<\/h3>\n\n\n\n<p>Nos reservamos el derecho de actualizar o modificar este Aviso Legal en cualquier momento sin previo aviso. Cualquier cambio se publicar\u00e1 en esta p\u00e1gina, y es su responsabilidad revisarla peri\u00f3dicamente para estar al tanto de las actualizaciones. Su uso continuado del sitio web despu\u00e9s de cualquier modificaci\u00f3n a este Aviso Legal constituye su aceptaci\u00f3n de dichas modificaciones.<\/p>\n\n\n\n<p><strong>\u00daltima actualizaci\u00f3n<\/strong>: 09\/24\/1024<\/p>\n\n\n\n<h3 class=\"wp-block-heading\">8. Cont\u00e1ctenos<\/h3>\n\n\n\n<p>Si tiene alguna pregunta sobre este Descargo de responsabilidad o necesita m\u00e1s informaci\u00f3n, comun\u00edquese con nosotros a:<\/p>\n\n\n\n<p><strong>Correo electr\u00f3nico<\/strong>: contact@job.xcreditinsurance.com<\/p>\n\n\n\n<p><\/p>","protected":false},"excerpt":{"rendered":"<p>The information provided on job.xcreditinsurance.com is for general informational purposes only. All information on the website is provided in good [&hellip;]<\/p>\n","protected":false},"author":1,"featured_media":0,"parent":0,"menu_order":0,"comment_status":"closed","ping_status":"closed","template":"","meta":{"_uag_custom_page_level_css":"","site-sidebar-layout":"default","site-content-layout":"","ast-site-content-layout":"default","site-content-style":"default","site-sidebar-style":"default","ast-global-header-display":"","ast-banner-title-visibility":"","ast-main-header-display":"","ast-hfb-above-header-display":"","ast-hfb-below-header-display":"","ast-hfb-mobile-header-display":"","site-post-title":"","ast-breadcrumbs-content":"","ast-featured-img":"","footer-sml-layout":"","ast-disable-related-posts":"","theme-transparent-header-meta":"","adv-header-id-meta":"","stick-header-meta":"","header-above-stick-meta":"","header-main-stick-meta":"","header-below-stick-meta":"","astra-migrate-meta-layouts":"default","ast-page-background-enabled":"default","ast-page-background-meta":{"desktop":{"background-color":"var(--ast-global-color-4)","background-image":"","background-repeat":"repeat","background-position":"center center","background-size":"auto","background-attachment":"scroll","background-type":"","background-media":"","overlay-type":"","overlay-color":"","overlay-opacity":"","overlay-gradient":""},"tablet":{"background-color":"","background-image":"","background-repeat":"repeat","background-position":"center center","background-size":"auto","background-attachment":"scroll","background-type":"","background-media":"","overlay-type":"","overlay-color":"","overlay-opacity":"","overlay-gradient":""},"mobile":{"background-color":"","background-image":"","background-repeat":"repeat","background-position":"center center","background-size":"auto","background-attachment":"scroll","background-type":"","background-media":"","overlay-type":"","overlay-color":"","overlay-opacity":"","overlay-gradient":""}},"ast-content-background-meta":{"desktop":{"background-color":"var(--ast-global-color-5)","background-image":"","background-repeat":"repeat","background-position":"center center","background-size":"auto","background-attachment":"scroll","background-type":"","background-media":"","overlay-type":"","overlay-color":"","overlay-opacity":"","overlay-gradient":""},"tablet":{"background-color":"var(--ast-global-color-5)","background-image":"","background-repeat":"repeat","background-position":"center center","background-size":"auto","background-attachment":"scroll","background-type":"","background-media":"","overlay-type":"","overlay-color":"","overlay-opacity":"","overlay-gradient":""},"mobile":{"background-color":"var(--ast-global-color-5)","background-image":"","background-repeat":"repeat","background-position":"center center","background-size":"auto","background-attachment":"scroll","background-type":"","background-media":"","overlay-type":"","overlay-color":"","overlay-opacity":"","overlay-gradient":""}},"footnotes":""},"class_list":["post-15","page","type-page","status-publish","hentry"],"uagb_featured_image_src":{"full":false,"thumbnail":false,"medium":false,"medium_large":false,"large":false,"1536x1536":false,"2048x2048":false,"trp-custom-language-flag":false},"uagb_author_info":{"display_name":"Career.job2credit","author_link":"https:\/\/www.job.xcreditinsurance.com\/es\/author\/career-job2credit\/"},"uagb_comment_info":0,"uagb_excerpt":"The information provided on job.xcreditinsurance.com is for general informational purposes only. All information on the website is provided in good [&hellip;]","_links":{"self":[{"href":"https:\/\/www.job.xcreditinsurance.com\/es\/wp-json\/wp\/v2\/pages\/15","targetHints":{"allow":["GET"]}}],"collection":[{"href":"https:\/\/www.job.xcreditinsurance.com\/es\/wp-json\/wp\/v2\/pages"}],"about":[{"href":"https:\/\/www.job.xcreditinsurance.com\/es\/wp-json\/wp\/v2\/types\/page"}],"author":[{"embeddable":true,"href":"https:\/\/www.job.xcreditinsurance.com\/es\/wp-json\/wp\/v2\/users\/1"}],"replies":[{"embeddable":true,"href":"https:\/\/www.job.xcreditinsurance.com\/es\/wp-json\/wp\/v2\/comments?post=15"}],"version-history":[{"count":3,"href":"https:\/\/www.job.xcreditinsurance.com\/es\/wp-json\/wp\/v2\/pages\/15\/revisions"}],"predecessor-version":[{"id":35,"href":"https:\/\/www.job.xcreditinsurance.com\/es\/wp-json\/wp\/v2\/pages\/15\/revisions\/35"}],"wp:attachment":[{"href":"https:\/\/www.job.xcreditinsurance.com\/es\/wp-json\/wp\/v2\/media?parent=15"}],"curies":[{"name":"wp","href":"https:\/\/api.w.org\/{rel}","templated":true}]}}