{"id":24,"date":"2024-09-24T16:10:17","date_gmt":"2024-09-24T16:10:17","guid":{"rendered":"http:\/\/www.job.xcreditinsurance.com\/?page_id=24"},"modified":"2025-03-20T17:23:26","modified_gmt":"2025-03-20T17:23:26","slug":"about-us","status":"publish","type":"page","link":"https:\/\/www.job.xcreditinsurance.com\/es\/about-us\/","title":{"rendered":"Sobre nosotros"},"content":{"rendered":"<p>Bienvenido a <strong>trabajo.xcreditinsurance.com<\/strong>, una plataforma dedicada a proporcionar informaci\u00f3n y recursos valiosos sobre tu carrera profesional para ayudarte a tomar decisiones informadas en tu trayectoria profesional. Nuestro objetivo es recopilar y presentar informaci\u00f3n y datos \u00fatiles para simplificar tu b\u00fasqueda de empleo y tu desarrollo profesional.<\/p>\n\n\n\n<h3 class=\"wp-block-heading\">Nuestra misi\u00f3n<\/h3>\n\n\n\n<p>En <strong>trabajo.xcreditinsurance.com<\/strong>Nos esforzamos por facilitar el acceso a la informaci\u00f3n profesional para todos. Entendemos los desaf\u00edos que conlleva el mercado laboral y nuestra misi\u00f3n es brindar a los usuarios informaci\u00f3n relevante que les ayude a encontrar las oportunidades adecuadas, desarrollar sus habilidades y crecer profesionalmente.<\/p>\n\n\n\n<p><strong>tenga en cuenta<\/strong>No ofrecemos servicios directos, colocaci\u00f3n laboral ni reclutamiento. Nuestra funci\u00f3n es servir como recurso informativo para guiarte hacia las herramientas y oportunidades adecuadas disponibles en otras plataformas.<\/p>\n\n\n\n<h3 class=\"wp-block-heading\">Lo que ofrecemos<\/h3>\n\n\n\n<p>Nos centramos en recopilar y ofrecer informaci\u00f3n pr\u00e1ctica y actualizada para facilitar tu b\u00fasqueda de empleo y tus decisiones profesionales. As\u00ed es como te ayudamos:<\/p>\n\n\n\n<ul class=\"wp-block-list\">\n<li><strong>Recursos para la b\u00fasqueda de empleo<\/strong>Recopilamos consejos y estrategias \u00fatiles para ayudarle a navegar por las bolsas de trabajo y postularse a puestos que se ajusten a sus calificaciones.<\/li>\n\n\n\n<li><strong>Consejos profesionales<\/strong>:Nuestros art\u00edculos brindan orientaci\u00f3n sobre c\u00f3mo crear un curr\u00edculum, preparar entrevistas, establecer contactos y planificar su carrera profesional.<\/li>\n\n\n\n<li><strong>Informaci\u00f3n sobre tendencias<\/strong>Mant\u00e9ngase informado sobre las \u00faltimas tendencias de la industria y los cambios en el mercado laboral que pueden afectar sus elecciones profesionales.<\/li>\n\n\n\n<li><strong>Desarrollo educativo y de habilidades<\/strong>:Destacamos recursos y cursos que pueden ayudarte a mejorar tus habilidades, aunque no ofrecemos ni vendemos ning\u00fan curso directamente.<\/li>\n<\/ul>\n\n\n\n<h3 class=\"wp-block-heading\">Nuestro papel<\/h3>\n\n\n\n<p>Nuestro sitio web est\u00e1 dise\u00f1ado \u00fanicamente para <strong>facilitar el acceso a la informaci\u00f3n<\/strong>No somos una agencia de empleo ni un proveedor de servicios. No garantizamos la colocaci\u00f3n laboral ni ofrecemos asesoramiento profesional personalizado. Nuestro objetivo es ofrecer a los usuarios informaci\u00f3n \u00fatil que les ayude a buscar empleo de forma independiente.<\/p>\n\n\n\n<h3 class=\"wp-block-heading\">\u00bfPor qu\u00e9 elegirnos?<\/h3>\n\n\n\n<p>Entendemos lo abrumador que puede ser el mercado laboral. Al proporcionar informaci\u00f3n f\u00e1cilmente accesible y bien organizada, buscamos que su b\u00fasqueda de empleo y desarrollo profesional sean m\u00e1s eficientes y menos estresantes.<\/p>\n\n\n\n<p>Qu\u00e9 puedes esperar de <strong>trabajo.xcreditinsurance.com<\/strong>:<\/p>\n\n\n\n<ul class=\"wp-block-list\">\n<li><strong>Informaci\u00f3n objetiva<\/strong>Nos centramos en proporcionar informaci\u00f3n imparcial, precisa y actualizada para respaldar sus decisiones profesionales.<\/li>\n\n\n\n<li><strong>Facilidad de uso<\/strong>Nuestra plataforma est\u00e1 dise\u00f1ada para ser f\u00e1cil de usar, lo que hace que sea sencillo encontrar los recursos que necesita.<\/li>\n\n\n\n<li><strong>Temas integrales<\/strong>Cubrimos una amplia gama de temas relacionados con la carrera profesional, incluidas t\u00e9cnicas de b\u00fasqueda de empleo, desarrollo de habilidades y conocimientos de la industria.<\/li>\n<\/ul>\n\n\n\n<h3 class=\"wp-block-heading\">Descargo de responsabilidad<\/h3>\n\n\n\n<p>Es importante aclarar que <strong>trabajo.xcreditinsurance.com<\/strong> No ofrece colocaci\u00f3n laboral directa, orientaci\u00f3n profesional ni servicios personalizados. No nos responsabilizamos de las decisiones que tome bas\u00e1ndose en la informaci\u00f3n proporcionada en este sitio. Nuestro contenido est\u00e1 dise\u00f1ado exclusivamente para... <strong>informar y guiar<\/strong> usuarios en su propia exploraci\u00f3n profesional.<\/p>\n\n\n\n<h3 class=\"wp-block-heading\">Nuestra visi\u00f3n<\/h3>\n\n\n\n<p>Creemos que las personas informadas toman mejores decisiones profesionales. Nuestra visi\u00f3n es seguir brindando informaci\u00f3n confiable y de alta calidad que permita a los usuarios tomar el control de sus trayectorias profesionales sin necesidad de servicios de pago ni intermediarios.<\/p>\n\n\n\n<h3 class=\"wp-block-heading\">Cont\u00e1ctanos<\/h3>\n\n\n\n<p>Agradecemos su visita a <strong>trabajo.xcreditinsurance.com<\/strong> Agradecemos cualquier comentario o pregunta. Si desea contactarnos, no dude en hacerlo.<\/p>\n\n\n\n<p><strong>Correo electr\u00f3nico de contacto<\/strong>: contact@job.xcreditinsurance.com<\/p>\n\n\n\n<p>Gracias por confiar <strong>trabajo.xcreditinsurance.com<\/strong> Como su recurso de informaci\u00f3n profesional. Esperamos apoyar su trayectoria profesional brind\u00e1ndole las herramientas y la informaci\u00f3n necesarias para tomar decisiones informadas.<\/p>\n\n\n\n<p><\/p>","protected":false},"excerpt":{"rendered":"<p>Welcome to job.xcreditinsurance.com, a platform dedicated to providing valuable career-related information and resources to help you make informed decisions in [&hellip;]<\/p>\n","protected":false},"author":1,"featured_media":0,"parent":0,"menu_order":0,"comment_status":"closed","ping_status":"closed","template":"","meta":{"_uag_custom_page_level_css":"","site-sidebar-layout":"default","site-content-layout":"","ast-site-content-layout":"default","site-content-style":"default","site-sidebar-style":"default","ast-global-header-display":"","ast-banner-title-visibility":"","ast-main-header-display":"","ast-hfb-above-header-display":"","ast-hfb-below-header-display":"","ast-hfb-mobile-header-display":"","site-post-title":"","ast-breadcrumbs-content":"","ast-featured-img":"","footer-sml-layout":"","ast-disable-related-posts":"","theme-transparent-header-meta":"","adv-header-id-meta":"","stick-header-meta":"","header-above-stick-meta":"","header-main-stick-meta":"","header-below-stick-meta":"","astra-migrate-meta-layouts":"default","ast-page-background-enabled":"default","ast-page-background-meta":{"desktop":{"background-color":"var(--ast-global-color-4)","background-image":"","background-repeat":"repeat","background-position":"center center","background-size":"auto","background-attachment":"scroll","background-type":"","background-media":"","overlay-type":"","overlay-color":"","overlay-opacity":"","overlay-gradient":""},"tablet":{"background-color":"","background-image":"","background-repeat":"repeat","background-position":"center center","background-size":"auto","background-attachment":"scroll","background-type":"","background-media":"","overlay-type":"","overlay-color":"","overlay-opacity":"","overlay-gradient":""},"mobile":{"background-color":"","background-image":"","background-repeat":"repeat","background-position":"center center","background-size":"auto","background-attachment":"scroll","background-type":"","background-media":"","overlay-type":"","overlay-color":"","overlay-opacity":"","overlay-gradient":""}},"ast-content-background-meta":{"desktop":{"background-color":"var(--ast-global-color-5)","background-image":"","background-repeat":"repeat","background-position":"center center","background-size":"auto","background-attachment":"scroll","background-type":"","background-media":"","overlay-type":"","overlay-color":"","overlay-opacity":"","overlay-gradient":""},"tablet":{"background-color":"var(--ast-global-color-5)","background-image":"","background-repeat":"repeat","background-position":"center center","background-size":"auto","background-attachment":"scroll","background-type":"","background-media":"","overlay-type":"","overlay-color":"","overlay-opacity":"","overlay-gradient":""},"mobile":{"background-color":"var(--ast-global-color-5)","background-image":"","background-repeat":"repeat","background-position":"center center","background-size":"auto","background-attachment":"scroll","background-type":"","background-media":"","overlay-type":"","overlay-color":"","overlay-opacity":"","overlay-gradient":""}},"footnotes":""},"class_list":["post-24","page","type-page","status-publish","hentry"],"uagb_featured_image_src":{"full":false,"thumbnail":false,"medium":false,"medium_large":false,"large":false,"1536x1536":false,"2048x2048":false,"trp-custom-language-flag":false},"uagb_author_info":{"display_name":"Career.job2credit","author_link":"https:\/\/www.job.xcreditinsurance.com\/es\/author\/career-job2credit\/"},"uagb_comment_info":0,"uagb_excerpt":"Welcome to job.xcreditinsurance.com, a platform dedicated to providing valuable career-related information and resources to help you make informed decisions in [&hellip;]","_links":{"self":[{"href":"https:\/\/www.job.xcreditinsurance.com\/es\/wp-json\/wp\/v2\/pages\/24","targetHints":{"allow":["GET"]}}],"collection":[{"href":"https:\/\/www.job.xcreditinsurance.com\/es\/wp-json\/wp\/v2\/pages"}],"about":[{"href":"https:\/\/www.job.xcreditinsurance.com\/es\/wp-json\/wp\/v2\/types\/page"}],"author":[{"embeddable":true,"href":"https:\/\/www.job.xcreditinsurance.com\/es\/wp-json\/wp\/v2\/users\/1"}],"replies":[{"embeddable":true,"href":"https:\/\/www.job.xcreditinsurance.com\/es\/wp-json\/wp\/v2\/comments?post=24"}],"version-history":[{"count":2,"href":"https:\/\/www.job.xcreditinsurance.com\/es\/wp-json\/wp\/v2\/pages\/24\/revisions"}],"predecessor-version":[{"id":32,"href":"https:\/\/www.job.xcreditinsurance.com\/es\/wp-json\/wp\/v2\/pages\/24\/revisions\/32"}],"wp:attachment":[{"href":"https:\/\/www.job.xcreditinsurance.com\/es\/wp-json\/wp\/v2\/media?parent=24"}],"curies":[{"name":"wp","href":"https:\/\/api.w.org\/{rel}","templated":true}]}}