{"id":3,"date":"2024-09-24T15:24:58","date_gmt":"2024-09-24T15:24:58","guid":{"rendered":"http:\/\/www.job.xcreditinsurance.com\/?page_id=3"},"modified":"2025-03-20T17:23:31","modified_gmt":"2025-03-20T17:23:31","slug":"privacy-policy","status":"publish","type":"page","link":"https:\/\/www.job.xcreditinsurance.com\/es\/privacy-policy\/","title":{"rendered":"pol\u00edtica de privacidad"},"content":{"rendered":"<p>Su privacidad es importante para nosotros. Esta Pol\u00edtica de Privacidad describe c\u00f3mo recopilamos, usamos y protegemos su informaci\u00f3n personal cuando visita el sitio web. <strong>trabajo.xcreditinsurance.com<\/strong>.<\/p>\n\n\n\n<h3 class=\"wp-block-heading\">1. Informaci\u00f3n que recopilamos<\/h3>\n\n\n\n<p>Recopilamos informaci\u00f3n de diversas maneras cuando visita e interact\u00faa con nuestro sitio web. Los tipos de informaci\u00f3n que podemos recopilar incluyen:<\/p>\n\n\n\n<ul class=\"wp-block-list\">\n<li><strong>Informaci\u00f3n personal proporcionada voluntariamente<\/strong>:Cuando se registra en nuestro sitio web, se suscribe a un bolet\u00edn informativo, completa un formulario de contacto o interact\u00faa con otras funciones, podemos recopilar datos como su nombre, direcci\u00f3n de correo electr\u00f3nico e informaci\u00f3n de contacto.<\/li>\n\n\n\n<li><strong>Informaci\u00f3n recopilada autom\u00e1ticamente<\/strong>:Nuestro sitio web utiliza cookies, p\u00edxeles y otras tecnolog\u00edas de seguimiento para recopilar autom\u00e1ticamente datos como su direcci\u00f3n IP, tipo de navegador, p\u00e1ginas visitadas, la duraci\u00f3n de la visita y otros detalles sobre su uso del sitio.<\/li>\n<\/ul>\n\n\n\n<h3 class=\"wp-block-heading\">2. C\u00f3mo usamos su informaci\u00f3n<\/h3>\n\n\n\n<p>La informaci\u00f3n que recopilamos se utiliza de varias maneras:<\/p>\n\n\n\n<ul class=\"wp-block-list\">\n<li><strong>Para mejorar la experiencia del usuario<\/strong>:Los datos nos ayudan a comprender c\u00f3mo los usuarios navegan por el sitio, lo que nos permite personalizar la experiencia seg\u00fan sus preferencias.<\/li>\n\n\n\n<li><strong>Para enviar comunicaciones<\/strong>Utilizamos su correo electr\u00f3nico para enviarle actualizaciones e informaci\u00f3n sobre nuestros servicios si ha optado por recibir dichas comunicaciones. Puede darse de baja de estas comunicaciones en cualquier momento.<\/li>\n\n\n\n<li><strong>Para fines publicitarios<\/strong>:Podemos utilizar informaci\u00f3n agregada para personalizar y mostrarle anuncios relevantes, incluso a trav\u00e9s de terceros como Google AdSense.<\/li>\n<\/ul>\n\n\n\n<h3 class=\"wp-block-heading\">3. Cookies y tecnolog\u00edas de seguimiento<\/h3>\n\n\n\n<p><strong>trabajo.xcreditinsurance.com<\/strong> Utilizamos cookies para mejorar tu experiencia. Las cookies son peque\u00f1os archivos de texto que se almacenan en tu dispositivo y que permiten que el sitio web funcione correctamente y capturen cierta informaci\u00f3n.<\/p>\n\n\n\n<h4 class=\"wp-block-heading\">Tipos de cookies que utilizamos:<\/h4>\n\n\n\n<ul class=\"wp-block-list\">\n<li><strong>Cookies necesarias<\/strong>:Estas cookies son esenciales para que el sitio web funcione correctamente.<\/li>\n\n\n\n<li><strong>Cookies de rendimiento<\/strong>:Se utilizan para analizar c\u00f3mo interact\u00faan los usuarios con nuestro sitio, permiti\u00e9ndonos mejorar su rendimiento y funcionalidad.<\/li>\n\n\n\n<li><strong>Cookies publicitarias<\/strong>:Google AdSense y otros socios pueden utilizar cookies para ofrecer anuncios relevantes seg\u00fan sus preferencias y actividad previa en el sitio.<\/li>\n<\/ul>\n\n\n\n<h3 class=\"wp-block-heading\">4. Publicidad en Google AdSense<\/h3>\n\n\n\n<p>Nuestro sitio web utiliza Google AdSense para mostrar anuncios. Google AdSense puede recopilar informaci\u00f3n sobre las interacciones de los usuarios con los anuncios, incluidas las visitas a nuestro sitio y a otros sitios web. Esto permite mostrar anuncios seg\u00fan sus intereses.<\/p>\n\n\n\n<h4 class=\"wp-block-heading\">Uso de cookies publicitarias<\/h4>\n\n\n\n<ul class=\"wp-block-list\">\n<li><strong>Cookie de DART<\/strong>Google, como proveedor externo, utiliza cookies para mostrar anuncios en nuestro sitio. La cookie de DART le permite mostrar anuncios a nuestros usuarios seg\u00fan su visita a <strong>trabajo.xcreditinsurance.com<\/strong> y otros sitios web en Internet.<\/li>\n\n\n\n<li><strong>Exclusi\u00f3n de cookies de DART<\/strong>:Los usuarios pueden optar por no utilizar la cookie de DART visitando la pol\u00edtica de privacidad de Google Ads y Content Network en <a>https:\/\/policies.google.com\/technologies\/ads<\/a>.<\/li>\n<\/ul>\n\n\n\n<h3 class=\"wp-block-heading\">5. Exclusi\u00f3n voluntaria<\/h3>\n\n\n\n<p>Tienes la opci\u00f3n de desactivar el uso de cookies y la recopilaci\u00f3n de datos de varias maneras:<\/p>\n\n\n\n<ul class=\"wp-block-list\">\n<li><strong>Desactivaci\u00f3n de las cookies de publicidad personalizada de Google AdSense<\/strong>:Puedes visitar el <a href=\"https:\/\/adssettings.google.com\">P\u00e1gina de configuraci\u00f3n de anuncios<\/a> para ajustar sus preferencias de anuncios o rechazar por completo la publicidad personalizada.<\/li>\n\n\n\n<li><strong>Desactivaci\u00f3n de cookies de terceros<\/strong>La mayor\u00eda de los navegadores web permiten configurar el bloqueo o la eliminaci\u00f3n de cookies. Sin embargo, si opta por bloquear las cookies esenciales, es posible que algunas partes de nuestro sitio web no funcionen correctamente. Aqu\u00ed encontrar\u00e1 enlaces a las instrucciones de configuraci\u00f3n de cookies para los principales navegadores:\n<ul class=\"wp-block-list\">\n<li><a>Google Chrome<\/a><\/li>\n\n\n\n<li><a href=\"https:\/\/support.mozilla.org\/en-US\/kb\/enable-and-disable-cookies-website-preferences\">Mozilla Firefox<\/a><\/li>\n\n\n\n<li><a href=\"https:\/\/support.microsoft.com\/en-us\/help\/4027947\/microsoft-edge-delete-cookies\">Microsoft Edge<\/a><\/li>\n<\/ul>\n<\/li>\n\n\n\n<li><strong>Darse de baja de las redes publicitarias de terceros<\/strong>:Para deshabilitar la recopilaci\u00f3n de datos de redes publicitarias de terceros, puede visitar los siguientes sitios web:\n<ul class=\"wp-block-list\">\n<li><a>Iniciativa de Publicidad en Red (NAI)<\/a><\/li>\n\n\n\n<li><a>Alianza de Publicidad Digital (DAA)<\/a><\/li>\n\n\n\n<li><strong>Alternativamente<\/strong>, puedes guiar a los usuarios para que visiten <a href=\"https:\/\/www.aboutads.info\">www.aboutads.info<\/a> para inhabilitar las cookies de publicidad personalizada de terceros.<\/li>\n<\/ul>\n<\/li>\n<\/ul>\n\n\n\n<h3 class=\"wp-block-heading\">6. Intercambio de informaci\u00f3n<\/h3>\n\n\n\n<p>No vendemos, intercambiamos ni transferimos su informaci\u00f3n personal a terceros, excepto cuando sea necesario para el funcionamiento del sitio web, como:<\/p>\n\n\n\n<ul class=\"wp-block-list\">\n<li><strong>Proveedores de servicios<\/strong>:Podemos compartir informaci\u00f3n con proveedores de servicios confiables que nos ayudan a operar el sitio web y brindar servicios a nuestros usuarios.<\/li>\n\n\n\n<li><strong>Cumplimiento legal<\/strong>:Podemos divulgar informaci\u00f3n personal si creemos que dicha acci\u00f3n es necesaria para cumplir con la ley o para proteger nuestros derechos o la seguridad de otros.<\/li>\n<\/ul>\n\n\n\n<h3 class=\"wp-block-heading\">7. Protecci\u00f3n de datos<\/h3>\n\n\n\n<p>Tomamos las medidas de seguridad adecuadas para proteger su informaci\u00f3n personal del acceso, la alteraci\u00f3n, la divulgaci\u00f3n o la destrucci\u00f3n no autorizados. Sin embargo, ning\u00fan sistema de transmisi\u00f3n o almacenamiento electr\u00f3nico es completamente seguro, y no podemos garantizar la seguridad absoluta de su informaci\u00f3n.<\/p>\n\n\n\n<h3 class=\"wp-block-heading\">8. Derechos del usuario<\/h3>\n\n\n\n<p>Si reside en una jurisdicci\u00f3n donde se aplican leyes de protecci\u00f3n de datos como GDPR o CCPA, puede tener los siguientes derechos con respecto a su informaci\u00f3n personal:<\/p>\n\n\n\n<ul class=\"wp-block-list\">\n<li><strong>Acceso a su informaci\u00f3n<\/strong>:Puede solicitar una copia de los datos personales que tenemos sobre usted.<\/li>\n\n\n\n<li><strong>Correcci\u00f3n de su informaci\u00f3n<\/strong>:Puedes corregir o actualizar tu informaci\u00f3n personal.<\/li>\n\n\n\n<li><strong>Eliminaci\u00f3n de su informaci\u00f3n<\/strong>:Puede solicitar la eliminaci\u00f3n de su informaci\u00f3n personal.<\/li>\n\n\n\n<li><strong>Exclusi\u00f3n de comunicaciones<\/strong>Puedes darte de baja de cualquier correo electr\u00f3nico de marketing que te enviemos en cualquier momento.<\/li>\n<\/ul>\n\n\n\n<p>Para ejercer estos derechos, por favor cont\u00e1ctenos a trav\u00e9s de la informaci\u00f3n proporcionada a continuaci\u00f3n.<\/p>\n\n\n\n<h3 class=\"wp-block-heading\">9. Enlaces de terceros<\/h3>\n\n\n\n<p>Nuestro sitio web puede contener enlaces a sitios de terceros. No nos responsabilizamos de las pr\u00e1cticas de privacidad de dichos sitios y le recomendamos que revise las pol\u00edticas de privacidad de cualquier sitio externo que visite.<\/p>\n\n\n\n<h3 class=\"wp-block-heading\">10. Cambios a esta Pol\u00edtica<\/h3>\n\n\n\n<p>Podemos actualizar esta Pol\u00edtica de Privacidad peri\u00f3dicamente para reflejar cambios en nuestras pr\u00e1cticas o la legislaci\u00f3n aplicable. Cualquier cambio se publicar\u00e1 en esta p\u00e1gina y la fecha de actualizaci\u00f3n se actualizar\u00e1 a continuaci\u00f3n.<\/p>\n\n\n\n<p><strong>\u00daltima actualizaci\u00f3n<\/strong>: 09\/24\/2024<\/p>\n\n\n\n<h3 class=\"wp-block-heading\">11. Cont\u00e1ctenos<\/h3>\n\n\n\n<p>Si tiene alguna pregunta sobre esta Pol\u00edtica de privacidad o c\u00f3mo usamos su informaci\u00f3n, cont\u00e1ctenos a:<\/p>\n\n\n\n<p><strong>Correo electr\u00f3nico<\/strong>: contacto@career.job2creit.com<\/p>\n\n\n\n<p><\/p>","protected":false},"excerpt":{"rendered":"<p>Your privacy is important to us. This Privacy Policy outlines how we collect, use, and protect your personal information when [&hellip;]<\/p>\n","protected":false},"author":1,"featured_media":0,"parent":0,"menu_order":0,"comment_status":"closed","ping_status":"open","template":"","meta":{"_uag_custom_page_level_css":"","site-sidebar-layout":"default","site-content-layout":"","ast-site-content-layout":"default","site-content-style":"default","site-sidebar-style":"default","ast-global-header-display":"","ast-banner-title-visibility":"","ast-main-header-display":"","ast-hfb-above-header-display":"","ast-hfb-below-header-display":"","ast-hfb-mobile-header-display":"","site-post-title":"","ast-breadcrumbs-content":"","ast-featured-img":"","footer-sml-layout":"","ast-disable-related-posts":"","theme-transparent-header-meta":"","adv-header-id-meta":"","stick-header-meta":"","header-above-stick-meta":"","header-main-stick-meta":"","header-below-stick-meta":"","astra-migrate-meta-layouts":"default","ast-page-background-enabled":"default","ast-page-background-meta":{"desktop":{"background-color":"var(--ast-global-color-4)","background-image":"","background-repeat":"repeat","background-position":"center center","background-size":"auto","background-attachment":"scroll","background-type":"","background-media":"","overlay-type":"","overlay-color":"","overlay-opacity":"","overlay-gradient":""},"tablet":{"background-color":"","background-image":"","background-repeat":"repeat","background-position":"center center","background-size":"auto","background-attachment":"scroll","background-type":"","background-media":"","overlay-type":"","overlay-color":"","overlay-opacity":"","overlay-gradient":""},"mobile":{"background-color":"","background-image":"","background-repeat":"repeat","background-position":"center center","background-size":"auto","background-attachment":"scroll","background-type":"","background-media":"","overlay-type":"","overlay-color":"","overlay-opacity":"","overlay-gradient":""}},"ast-content-background-meta":{"desktop":{"background-color":"var(--ast-global-color-5)","background-image":"","background-repeat":"repeat","background-position":"center center","background-size":"auto","background-attachment":"scroll","background-type":"","background-media":"","overlay-type":"","overlay-color":"","overlay-opacity":"","overlay-gradient":""},"tablet":{"background-color":"var(--ast-global-color-5)","background-image":"","background-repeat":"repeat","background-position":"center center","background-size":"auto","background-attachment":"scroll","background-type":"","background-media":"","overlay-type":"","overlay-color":"","overlay-opacity":"","overlay-gradient":""},"mobile":{"background-color":"var(--ast-global-color-5)","background-image":"","background-repeat":"repeat","background-position":"center center","background-size":"auto","background-attachment":"scroll","background-type":"","background-media":"","overlay-type":"","overlay-color":"","overlay-opacity":"","overlay-gradient":""}},"footnotes":""},"class_list":["post-3","page","type-page","status-publish","hentry"],"uagb_featured_image_src":{"full":false,"thumbnail":false,"medium":false,"medium_large":false,"large":false,"1536x1536":false,"2048x2048":false,"trp-custom-language-flag":false},"uagb_author_info":{"display_name":"Career.job2credit","author_link":"https:\/\/www.job.xcreditinsurance.com\/es\/author\/career-job2credit\/"},"uagb_comment_info":0,"uagb_excerpt":"Your privacy is important to us. This Privacy Policy outlines how we collect, use, and protect your personal information when [&hellip;]","_links":{"self":[{"href":"https:\/\/www.job.xcreditinsurance.com\/es\/wp-json\/wp\/v2\/pages\/3","targetHints":{"allow":["GET"]}}],"collection":[{"href":"https:\/\/www.job.xcreditinsurance.com\/es\/wp-json\/wp\/v2\/pages"}],"about":[{"href":"https:\/\/www.job.xcreditinsurance.com\/es\/wp-json\/wp\/v2\/types\/page"}],"author":[{"embeddable":true,"href":"https:\/\/www.job.xcreditinsurance.com\/es\/wp-json\/wp\/v2\/users\/1"}],"replies":[{"embeddable":true,"href":"https:\/\/www.job.xcreditinsurance.com\/es\/wp-json\/wp\/v2\/comments?post=3"}],"version-history":[{"count":3,"href":"https:\/\/www.job.xcreditinsurance.com\/es\/wp-json\/wp\/v2\/pages\/3\/revisions"}],"predecessor-version":[{"id":36,"href":"https:\/\/www.job.xcreditinsurance.com\/es\/wp-json\/wp\/v2\/pages\/3\/revisions\/36"}],"wp:attachment":[{"href":"https:\/\/www.job.xcreditinsurance.com\/es\/wp-json\/wp\/v2\/media?parent=3"}],"curies":[{"name":"wp","href":"https:\/\/api.w.org\/{rel}","templated":true}]}}