{"id":15,"date":"2024-09-24T15:41:52","date_gmt":"2024-09-24T15:41:52","guid":{"rendered":"http:\/\/www.job.xcreditinsurance.com\/?page_id=15"},"modified":"2025-03-20T17:23:28","modified_gmt":"2025-03-20T17:23:28","slug":"disclaimer","status":"publish","type":"page","link":"https:\/\/www.job.xcreditinsurance.com\/it\/disclaimer\/","title":{"rendered":"Disclaimer"},"content":{"rendered":"<p>Le informazioni fornite su <strong>lavoro.xcreditinsurance.com<\/strong> \u00e8 solo a scopo informativo generale. Tutte le informazioni sul sito web sono fornite in buona fede; tuttavia, non rilasciamo alcuna dichiarazione o garanzia di alcun tipo, espressa o implicita, in merito all&#039;accuratezza, adeguatezza, validit\u00e0, affidabilit\u00e0, disponibilit\u00e0 o completezza di qualsiasi informazione sul sito.<\/p>\n\n\n\n<h3 class=\"wp-block-heading\">1. Nessun consiglio professionale<\/h3>\n\n\n\n<p>Il contenuto di <strong>lavoro.xcreditinsurance.com<\/strong> \u00e8 solo a scopo informativo e non costituisce consulenza professionale. Sebbene il nostro obiettivo sia quello di fornire informazioni accurate e aggiornate, il contenuto di questo sito Web non deve essere utilizzato come sostituto di consulenze professionali di carriera, finanziarie, legali o di altro tipo.<\/p>\n\n\n\n<p>Si consiglia di consultare un professionista del settore pertinente prima di intraprendere qualsiasi azione basata sulle informazioni fornite su questo sito. Non saremo responsabili per alcuna decisione presa o azione intrapresa in base alle informazioni presenti sul sito web.<\/p>\n\n\n\n<h3 class=\"wp-block-heading\">2. Esclusione di responsabilit\u00e0 per i link esterni<\/h3>\n\n\n\n<p><strong>lavoro.xcreditinsurance.com<\/strong> pu\u00f2 contenere link a siti web o contenuti di terze parti. Questi link esterni sono forniti solo per comodit\u00e0 e scopi informativi e non approviamo n\u00e9 ci assumiamo la responsabilit\u00e0 per il contenuto, l&#039;accuratezza o la disponibilit\u00e0 di siti esterni collegati al nostro sito web.<\/p>\n\n\n\n<p>Non abbiamo alcun controllo sulla natura, il contenuto e la disponibilit\u00e0 di tali siti. L&#039;inclusione di qualsiasi collegamento non implica necessariamente una raccomandazione o un&#039;approvazione delle opinioni espresse al loro interno. Qualsiasi affidamento su tali collegamenti esterni \u00e8 strettamente a tuo rischio.<\/p>\n\n\n\n<h3 class=\"wp-block-heading\">3. Pubblicit\u00e0 e esclusione di responsabilit\u00e0 per affiliazione<\/h3>\n\n\n\n<p>Potremmo partecipare al marketing di affiliazione, il che significa che potremmo guadagnare una commissione se clicchi su determinati link sul nostro sito web o effettui un acquisto tramite tali link. Queste partnership di affiliazione non influenzano il contenuto o gli argomenti trattati su <strong>lavoro.xcreditinsurance.com<\/strong>.<\/p>\n\n\n\n<p>Utilizziamo anche pubblicit\u00e0 di terze parti, tra cui Google AdSense, che potrebbe mostrare annunci personalizzati in base al tuo comportamento di navigazione. Non controlliamo questi annunci e decliniamo ogni responsabilit\u00e0 per il loro contenuto o la loro accuratezza.<\/p>\n\n\n\n<h3 class=\"wp-block-heading\">4. Dichiarazione di non responsabilit\u00e0 sulle testimonianze<\/h3>\n\n\n\n<p>Eventuali testimonianze, casi di studio o recensioni presenti su <strong>lavoro.xcreditinsurance.com<\/strong> riflettono le esperienze e le opinioni personali degli individui coinvolti. Non garantiscono risultati o esperienze simili per altri utenti. I risultati possono variare e sono basati su numerosi fattori, tra cui competenze, circostanze e sforzi individuali.<\/p>\n\n\n\n<h3 class=\"wp-block-heading\">5. Limitazione di responsabilit\u00e0<\/h3>\n\n\n\n<p>In nessun caso <strong>lavoro.xcreditinsurance.com<\/strong>, i suoi proprietari, dipendenti o affiliati non saranno ritenuti responsabili nei confronti dell&#039;utente o di terze parti per eventuali danni, inclusi, a titolo esemplificativo ma non esaustivo, danni diretti, indiretti, incidentali, consequenziali o punitivi derivanti dall&#039;utilizzo del sito web, dall&#039;affidamento sul suo contenuto o dall&#039;impossibilit\u00e0 di accedere al sito.<\/p>\n\n\n\n<p>Ci\u00f2 include qualsiasi perdita o danno derivante da virus, malware o altri componenti dannosi che potrebbero infettare il computer o altri dispositivi a seguito dell&#039;utilizzo del sito web o di siti web collegati.<\/p>\n\n\n\n<h3 class=\"wp-block-heading\">6. Nessuna garanzia<\/h3>\n\n\n\n<p>Il sito Web e il suo contenuto sono forniti &quot;cos\u00ec come sono&quot; e &quot;come disponibili&quot; senza alcuna garanzia, espressa o implicita. Non forniamo alcuna garanzia in merito alla disponibilit\u00e0, funzionalit\u00e0 o contenuto del sito Web. Decliniamo qualsiasi garanzia di commerciabilit\u00e0, idoneit\u00e0 per uno scopo particolare o non violazione nella misura massima consentita dalla legge.<\/p>\n\n\n\n<h3 class=\"wp-block-heading\">7. Modifiche al Disclaimer<\/h3>\n\n\n\n<p>Ci riserviamo il diritto di aggiornare o modificare questa esclusione di responsabilit\u00e0 in qualsiasi momento e senza preavviso. Eventuali modifiche saranno pubblicate su questa pagina ed \u00e8 tua responsabilit\u00e0 rivedere periodicamente questa pagina per gli aggiornamenti. Il tuo uso continuato del sito Web in seguito a eventuali modifiche a questa esclusione di responsabilit\u00e0 costituisce la tua accettazione di tali modifiche.<\/p>\n\n\n\n<p><strong>Ultimo aggiornamento<\/strong>: 09\/24\/1024<\/p>\n\n\n\n<h3 class=\"wp-block-heading\">8. Contattaci<\/h3>\n\n\n\n<p>Se hai domande su questa Informativa o necessiti di ulteriori informazioni, contattaci a:<\/p>\n\n\n\n<p><strong>E-mail<\/strong>: contact@job.xcreditinsurance.com<\/p>\n\n\n\n<p><\/p>","protected":false},"excerpt":{"rendered":"<p>The information provided on job.xcreditinsurance.com is for general informational purposes only. All information on the website is provided in good [&hellip;]<\/p>\n","protected":false},"author":1,"featured_media":0,"parent":0,"menu_order":0,"comment_status":"closed","ping_status":"closed","template":"","meta":{"_uag_custom_page_level_css":"","site-sidebar-layout":"default","site-content-layout":"","ast-site-content-layout":"default","site-content-style":"default","site-sidebar-style":"default","ast-global-header-display":"","ast-banner-title-visibility":"","ast-main-header-display":"","ast-hfb-above-header-display":"","ast-hfb-below-header-display":"","ast-hfb-mobile-header-display":"","site-post-title":"","ast-breadcrumbs-content":"","ast-featured-img":"","footer-sml-layout":"","ast-disable-related-posts":"","theme-transparent-header-meta":"","adv-header-id-meta":"","stick-header-meta":"","header-above-stick-meta":"","header-main-stick-meta":"","header-below-stick-meta":"","astra-migrate-meta-layouts":"default","ast-page-background-enabled":"default","ast-page-background-meta":{"desktop":{"background-color":"var(--ast-global-color-4)","background-image":"","background-repeat":"repeat","background-position":"center center","background-size":"auto","background-attachment":"scroll","background-type":"","background-media":"","overlay-type":"","overlay-color":"","overlay-opacity":"","overlay-gradient":""},"tablet":{"background-color":"","background-image":"","background-repeat":"repeat","background-position":"center center","background-size":"auto","background-attachment":"scroll","background-type":"","background-media":"","overlay-type":"","overlay-color":"","overlay-opacity":"","overlay-gradient":""},"mobile":{"background-color":"","background-image":"","background-repeat":"repeat","background-position":"center center","background-size":"auto","background-attachment":"scroll","background-type":"","background-media":"","overlay-type":"","overlay-color":"","overlay-opacity":"","overlay-gradient":""}},"ast-content-background-meta":{"desktop":{"background-color":"var(--ast-global-color-5)","background-image":"","background-repeat":"repeat","background-position":"center center","background-size":"auto","background-attachment":"scroll","background-type":"","background-media":"","overlay-type":"","overlay-color":"","overlay-opacity":"","overlay-gradient":""},"tablet":{"background-color":"var(--ast-global-color-5)","background-image":"","background-repeat":"repeat","background-position":"center center","background-size":"auto","background-attachment":"scroll","background-type":"","background-media":"","overlay-type":"","overlay-color":"","overlay-opacity":"","overlay-gradient":""},"mobile":{"background-color":"var(--ast-global-color-5)","background-image":"","background-repeat":"repeat","background-position":"center center","background-size":"auto","background-attachment":"scroll","background-type":"","background-media":"","overlay-type":"","overlay-color":"","overlay-opacity":"","overlay-gradient":""}},"footnotes":""},"class_list":["post-15","page","type-page","status-publish","hentry"],"uagb_featured_image_src":{"full":false,"thumbnail":false,"medium":false,"medium_large":false,"large":false,"1536x1536":false,"2048x2048":false,"trp-custom-language-flag":false},"uagb_author_info":{"display_name":"Career.job2credit","author_link":"https:\/\/www.job.xcreditinsurance.com\/it\/author\/career-job2credit\/"},"uagb_comment_info":0,"uagb_excerpt":"The information provided on job.xcreditinsurance.com is for general informational purposes only. All information on the website is provided in good [&hellip;]","_links":{"self":[{"href":"https:\/\/www.job.xcreditinsurance.com\/it\/wp-json\/wp\/v2\/pages\/15","targetHints":{"allow":["GET"]}}],"collection":[{"href":"https:\/\/www.job.xcreditinsurance.com\/it\/wp-json\/wp\/v2\/pages"}],"about":[{"href":"https:\/\/www.job.xcreditinsurance.com\/it\/wp-json\/wp\/v2\/types\/page"}],"author":[{"embeddable":true,"href":"https:\/\/www.job.xcreditinsurance.com\/it\/wp-json\/wp\/v2\/users\/1"}],"replies":[{"embeddable":true,"href":"https:\/\/www.job.xcreditinsurance.com\/it\/wp-json\/wp\/v2\/comments?post=15"}],"version-history":[{"count":3,"href":"https:\/\/www.job.xcreditinsurance.com\/it\/wp-json\/wp\/v2\/pages\/15\/revisions"}],"predecessor-version":[{"id":35,"href":"https:\/\/www.job.xcreditinsurance.com\/it\/wp-json\/wp\/v2\/pages\/15\/revisions\/35"}],"wp:attachment":[{"href":"https:\/\/www.job.xcreditinsurance.com\/it\/wp-json\/wp\/v2\/media?parent=15"}],"curies":[{"name":"parola chiave","href":"https:\/\/api.w.org\/{rel}","templated":true}]}}