{"id":24,"date":"2024-09-24T16:10:17","date_gmt":"2024-09-24T16:10:17","guid":{"rendered":"http:\/\/www.job.xcreditinsurance.com\/?page_id=24"},"modified":"2025-03-20T17:23:26","modified_gmt":"2025-03-20T17:23:26","slug":"about-us","status":"publish","type":"page","link":"https:\/\/www.job.xcreditinsurance.com\/it\/about-us\/","title":{"rendered":"Chi siamo"},"content":{"rendered":"<p>Benvenuti a <strong>lavoro.xcreditinsurance.com<\/strong>, una piattaforma dedicata a fornire preziose informazioni e risorse relative alla carriera per aiutarti a prendere decisioni informate nel tuo percorso professionale. Il nostro obiettivo \u00e8 raccogliere e presentare spunti e dati utili per semplificare il tuo processo di ricerca di lavoro e sviluppo della carriera.<\/p>\n\n\n\n<h3 class=\"wp-block-heading\">La nostra missione<\/h3>\n\n\n\n<p>A <strong>lavoro.xcreditinsurance.com<\/strong>, ci impegniamo a rendere le informazioni relative alla carriera facilmente accessibili a tutti. Comprendiamo le sfide che derivano dalla navigazione nel mercato del lavoro e la nostra missione \u00e8 quella di fornire agli utenti informazioni pertinenti che possano aiutarli a trovare le giuste opportunit\u00e0, sviluppare le proprie competenze e crescere professionalmente.<\/p>\n\n\n\n<p><strong>notare che<\/strong>: Non offriamo servizi diretti, collocamenti o reclutamento. Il nostro ruolo \u00e8 quello di fungere da risorsa informativa per aiutarti a orientarti verso gli strumenti e le opportunit\u00e0 giuste disponibili su altre piattaforme.<\/p>\n\n\n\n<h3 class=\"wp-block-heading\">Cosa offriamo<\/h3>\n\n\n\n<p>Il nostro obiettivo \u00e8 selezionare e fornire informazioni pratiche e aggiornate per semplificare la tua ricerca di lavoro e le tue decisioni di carriera. Ecco come ti aiutiamo:<\/p>\n\n\n\n<ul class=\"wp-block-list\">\n<li><strong>Risorse per la ricerca di lavoro<\/strong>: Raccogliamo suggerimenti e strategie utili per aiutarti a orientarti tra le bacheche di lavoro e a candidarti per le posizioni in linea con le tue qualifiche.<\/li>\n\n\n\n<li><strong>Consigli di carriera<\/strong>:I nostri articoli forniscono indicazioni su come scrivere un curriculum, prepararsi ai colloqui, fare networking e pianificare la carriera.<\/li>\n\n\n\n<li><strong>Informazioni sulle tendenze<\/strong>: Rimani informato sulle ultime tendenze del settore e sui cambiamenti nel mercato del lavoro che possono avere un impatto sulle tue scelte di carriera.<\/li>\n\n\n\n<li><strong>Sviluppo educativo e delle competenze<\/strong>: Mettiamo in evidenza risorse e corsi che possono aiutarti a migliorare le tue competenze, anche se non offriamo o vendiamo corsi direttamente.<\/li>\n<\/ul>\n\n\n\n<h3 class=\"wp-block-heading\">Il nostro ruolo<\/h3>\n\n\n\n<p>Il nostro sito web \u00e8 progettato esclusivamente per <strong>facilitare l&#039;accesso alle informazioni<\/strong>. Non siamo un&#039;agenzia di reclutamento o un fornitore di servizi. Non garantiamo collocamenti lavorativi, n\u00e9 offriamo consulenza di carriera personalizzata. Invece, il nostro obiettivo \u00e8 presentare agli utenti informazioni utili che possano supportare la loro ricerca di carriera indipendente.<\/p>\n\n\n\n<h3 class=\"wp-block-heading\">Perch\u00e9 sceglierci?<\/h3>\n\n\n\n<p>Sappiamo quanto possa essere opprimente il mercato del lavoro. Fornendo informazioni facilmente accessibili e ben organizzate, puntiamo a rendere la tua ricerca di lavoro e lo sviluppo della tua carriera pi\u00f9 efficienti e meno stressanti.<\/p>\n\n\n\n<p>Cosa puoi aspettarti da <strong>lavoro.xcreditinsurance.com<\/strong>:<\/p>\n\n\n\n<ul class=\"wp-block-list\">\n<li><strong>Informazioni oggettive<\/strong>: Ci impegniamo a fornire informazioni imparziali, accurate e aggiornate per supportare le tue decisioni di carriera.<\/li>\n\n\n\n<li><strong>Facilit\u00e0 d&#039;uso<\/strong>: La nostra piattaforma \u00e8 progettata per essere intuitiva, rendendo semplice la ricerca delle risorse di cui hai bisogno.<\/li>\n\n\n\n<li><strong>Argomenti completi<\/strong>: Trattiamo un&#039;ampia gamma di argomenti legati alla carriera, tra cui tecniche di ricerca di lavoro, sviluppo delle competenze e approfondimenti del settore.<\/li>\n<\/ul>\n\n\n\n<h3 class=\"wp-block-heading\">Disclaimer<\/h3>\n\n\n\n<p>\u00c8 importante chiarire che <strong>lavoro.xcreditinsurance.com<\/strong> non offre collocamenti diretti, coaching di carriera o servizi personalizzati. Non siamo responsabili per le decisioni che prendi in base alle informazioni fornite su questo sito. Il nostro contenuto \u00e8 progettato esclusivamente per <strong>informare e guidare<\/strong> utenti nella loro esplorazione della carriera.<\/p>\n\n\n\n<h3 class=\"wp-block-heading\">La nostra visione<\/h3>\n\n\n\n<p>Crediamo che le persone informate facciano scelte di carriera migliori. La nostra visione \u00e8 quella di continuare a fornire informazioni affidabili e di alta qualit\u00e0 che consentano agli utenti di prendere il controllo dei propri percorsi di carriera senza la necessit\u00e0 di servizi a pagamento o intermediari.<\/p>\n\n\n\n<h3 class=\"wp-block-heading\">Contattaci<\/h3>\n\n\n\n<p>Apprezziamo la tua visita a <strong>lavoro.xcreditinsurance.com<\/strong> e accogliamo volentieri qualsiasi feedback o domanda. Se desideri metterti in contatto con noi, sentiti libero di contattarci.<\/p>\n\n\n\n<p><strong>Contatto Email<\/strong>: contact@job.xcreditinsurance.com<\/p>\n\n\n\n<p>Grazie per la fiducia <strong>lavoro.xcreditinsurance.com<\/strong> come la tua risorsa per informazioni relative alla carriera. Non vediamo l&#039;ora di supportare il tuo percorso di carriera fornendoti gli strumenti e le informazioni di cui hai bisogno per prendere decisioni informate.<\/p>\n\n\n\n<p><\/p>","protected":false},"excerpt":{"rendered":"<p>Welcome to job.xcreditinsurance.com, a platform dedicated to providing valuable career-related information and resources to help you make informed decisions in [&hellip;]<\/p>\n","protected":false},"author":1,"featured_media":0,"parent":0,"menu_order":0,"comment_status":"closed","ping_status":"closed","template":"","meta":{"_uag_custom_page_level_css":"","site-sidebar-layout":"default","site-content-layout":"","ast-site-content-layout":"default","site-content-style":"default","site-sidebar-style":"default","ast-global-header-display":"","ast-banner-title-visibility":"","ast-main-header-display":"","ast-hfb-above-header-display":"","ast-hfb-below-header-display":"","ast-hfb-mobile-header-display":"","site-post-title":"","ast-breadcrumbs-content":"","ast-featured-img":"","footer-sml-layout":"","ast-disable-related-posts":"","theme-transparent-header-meta":"","adv-header-id-meta":"","stick-header-meta":"","header-above-stick-meta":"","header-main-stick-meta":"","header-below-stick-meta":"","astra-migrate-meta-layouts":"default","ast-page-background-enabled":"default","ast-page-background-meta":{"desktop":{"background-color":"var(--ast-global-color-4)","background-image":"","background-repeat":"repeat","background-position":"center center","background-size":"auto","background-attachment":"scroll","background-type":"","background-media":"","overlay-type":"","overlay-color":"","overlay-opacity":"","overlay-gradient":""},"tablet":{"background-color":"","background-image":"","background-repeat":"repeat","background-position":"center center","background-size":"auto","background-attachment":"scroll","background-type":"","background-media":"","overlay-type":"","overlay-color":"","overlay-opacity":"","overlay-gradient":""},"mobile":{"background-color":"","background-image":"","background-repeat":"repeat","background-position":"center center","background-size":"auto","background-attachment":"scroll","background-type":"","background-media":"","overlay-type":"","overlay-color":"","overlay-opacity":"","overlay-gradient":""}},"ast-content-background-meta":{"desktop":{"background-color":"var(--ast-global-color-5)","background-image":"","background-repeat":"repeat","background-position":"center center","background-size":"auto","background-attachment":"scroll","background-type":"","background-media":"","overlay-type":"","overlay-color":"","overlay-opacity":"","overlay-gradient":""},"tablet":{"background-color":"var(--ast-global-color-5)","background-image":"","background-repeat":"repeat","background-position":"center center","background-size":"auto","background-attachment":"scroll","background-type":"","background-media":"","overlay-type":"","overlay-color":"","overlay-opacity":"","overlay-gradient":""},"mobile":{"background-color":"var(--ast-global-color-5)","background-image":"","background-repeat":"repeat","background-position":"center center","background-size":"auto","background-attachment":"scroll","background-type":"","background-media":"","overlay-type":"","overlay-color":"","overlay-opacity":"","overlay-gradient":""}},"footnotes":""},"class_list":["post-24","page","type-page","status-publish","hentry"],"uagb_featured_image_src":{"full":false,"thumbnail":false,"medium":false,"medium_large":false,"large":false,"1536x1536":false,"2048x2048":false,"trp-custom-language-flag":false},"uagb_author_info":{"display_name":"Career.job2credit","author_link":"https:\/\/www.job.xcreditinsurance.com\/it\/author\/career-job2credit\/"},"uagb_comment_info":0,"uagb_excerpt":"Welcome to job.xcreditinsurance.com, a platform dedicated to providing valuable career-related information and resources to help you make informed decisions in [&hellip;]","_links":{"self":[{"href":"https:\/\/www.job.xcreditinsurance.com\/it\/wp-json\/wp\/v2\/pages\/24","targetHints":{"allow":["GET"]}}],"collection":[{"href":"https:\/\/www.job.xcreditinsurance.com\/it\/wp-json\/wp\/v2\/pages"}],"about":[{"href":"https:\/\/www.job.xcreditinsurance.com\/it\/wp-json\/wp\/v2\/types\/page"}],"author":[{"embeddable":true,"href":"https:\/\/www.job.xcreditinsurance.com\/it\/wp-json\/wp\/v2\/users\/1"}],"replies":[{"embeddable":true,"href":"https:\/\/www.job.xcreditinsurance.com\/it\/wp-json\/wp\/v2\/comments?post=24"}],"version-history":[{"count":2,"href":"https:\/\/www.job.xcreditinsurance.com\/it\/wp-json\/wp\/v2\/pages\/24\/revisions"}],"predecessor-version":[{"id":32,"href":"https:\/\/www.job.xcreditinsurance.com\/it\/wp-json\/wp\/v2\/pages\/24\/revisions\/32"}],"wp:attachment":[{"href":"https:\/\/www.job.xcreditinsurance.com\/it\/wp-json\/wp\/v2\/media?parent=24"}],"curies":[{"name":"parola chiave","href":"https:\/\/api.w.org\/{rel}","templated":true}]}}